{"id":6328,"date":"2025-09-26T14:11:29","date_gmt":"2025-09-26T17:11:29","guid":{"rendered":"https:\/\/vohnabrindes.com.br\/?post_type=product&#038;p=6328"},"modified":"2025-09-26T14:11:32","modified_gmt":"2025-09-26T17:11:32","slug":"mochila-executiva-personalizada","status":"publish","type":"product","link":"https:\/\/vohnabrindes.com.br\/index.php\/product\/mochila-executiva-personalizada\/","title":{"rendered":"Mochila executiva personalizada."},"content":{"rendered":"<div class=\"ref\">52318-DALLAS PLATE.<\/div>\n<div class=\"ref\">Mochila executiva personalizada.<\/div>\n<div class=\"texto\">Mochila de viagem em poli\u00e9ster reciclado (rPET) 600D de alta densidade, com acabamento repelente \u00e0 \u00e1gua. Composta por 3 compartimentos principais com forro em poli\u00e9ster reciclado (rPET) 210D: compartimento traseiro com bolso para notebook at\u00e9 17.3&#8243; e bolso para tablet at\u00e9 10.1&#8243;, compartimento central expans\u00edvel com z\u00edper destinado \u00e0 arruma\u00e7\u00e3o de roupa e um compartimento frontal com v\u00e1rios bolsos interiores. Possui ainda tr\u00eas bolsos frontais, dois deles com forro em PEVA com dimens\u00f5es distintas ideais para colocar o seu squeeze, roupa molhada ou cosm\u00e9ticos. Al\u00e9m destas caracter\u00edsticas reune ainda outros diferenciais como: placa met\u00e1lica remov\u00edvel com im\u00e3 para f\u00e1cil grava\u00e7\u00e3o, al\u00e7as de ajuste que tornam esta mochila mais confort\u00e1vel, cintas de compress\u00e3o nas laterais, pegas superiores e laterais almofadadas. A parte posterior incorpora uma al\u00e7a para trolley em caso de necessidade.<\/div>\n<div class=\"texto\">Capacidade at\u00e9 29 L.<\/div>\n<div class=\"texto\">Expandida: 320 x 460 x 200 mm | Compacta: 320 x 460 x 110 mm<\/div>\n","protected":false},"excerpt":{"rendered":"<p>52318-DALLAS PLATE. Mochila executiva personalizada. Mochila de viagem em poli\u00e9ster reciclado (rPET) 600D de alta densidade, com acabamento repelente \u00e0 \u00e1gua. Composta por 3 compartimentos principais<span class=\"excerpt-hellip\"> [\u2026]<\/span><\/p>\n","protected":false},"featured_media":6334,"comment_status":"closed","ping_status":"closed","template":"","meta":[],"product_cat":[171],"product_tag":[1184,181],"class_list":["post-6328","product","type-product","status-publish","has-post-thumbnail","hentry","product_cat-mochilas-e-malas","product_tag-mochila-executiva-personalizada","product_tag-mochila-personalizada"],"_links":{"self":[{"href":"https:\/\/vohnabrindes.com.br\/index.php\/wp-json\/wp\/v2\/product\/6328","targetHints":{"allow":["GET"]}}],"collection":[{"href":"https:\/\/vohnabrindes.com.br\/index.php\/wp-json\/wp\/v2\/product"}],"about":[{"href":"https:\/\/vohnabrindes.com.br\/index.php\/wp-json\/wp\/v2\/types\/product"}],"replies":[{"embeddable":true,"href":"https:\/\/vohnabrindes.com.br\/index.php\/wp-json\/wp\/v2\/comments?post=6328"}],"version-history":[{"count":1,"href":"https:\/\/vohnabrindes.com.br\/index.php\/wp-json\/wp\/v2\/product\/6328\/revisions"}],"predecessor-version":[{"id":6335,"href":"https:\/\/vohnabrindes.com.br\/index.php\/wp-json\/wp\/v2\/product\/6328\/revisions\/6335"}],"wp:featuredmedia":[{"embeddable":true,"href":"https:\/\/vohnabrindes.com.br\/index.php\/wp-json\/wp\/v2\/media\/6334"}],"wp:attachment":[{"href":"https:\/\/vohnabrindes.com.br\/index.php\/wp-json\/wp\/v2\/media?parent=6328"}],"wp:term":[{"taxonomy":"product_cat","embeddable":true,"href":"https:\/\/vohnabrindes.com.br\/index.php\/wp-json\/wp\/v2\/product_cat?post=6328"},{"taxonomy":"product_tag","embeddable":true,"href":"https:\/\/vohnabrindes.com.br\/index.php\/wp-json\/wp\/v2\/product_tag?post=6328"}],"curies":[{"name":"wp","href":"https:\/\/api.w.org\/{rel}","templated":true}]}}