{"id":6329,"date":"2025-09-26T14:11:29","date_gmt":"2025-09-26T17:11:29","guid":{"rendered":"https:\/\/vohnabrindes.com.br\/?post_type=product&#038;p=6329"},"modified":"2025-09-26T14:11:34","modified_gmt":"2025-09-26T17:11:34","slug":"mochila-dobravel-personalizada-3","status":"publish","type":"product","link":"https:\/\/vohnabrindes.com.br\/index.php\/product\/mochila-dobravel-personalizada-3\/","title":{"rendered":"Mochila Dobr\u00e1vel Personalizada."},"content":{"rendered":"<pre id=\"item_referencia\">01333<\/pre>\n<p class=\"produto-nome\">Mochila Dobr\u00e1vel Personalizada.<\/p>\n<div class=\"caracs\">\n<div class=\"desc\">\n<p class=\"desc-tit\">Descri\u00e7\u00e3o:\u00a0<span class=\"desc-sub my-desc-sub\">Mochila dobr\u00e1vel com design leve confeccionada em poli\u00e9ster resistente \u00e0 \u00e1gua. Com capacidade m\u00e1xima de 14 litros, apresenta um compartimento interno principal, bolso frontal \u00fanico e um par de al\u00e7as com revestimento em espuma respir\u00e1vel. Acompanha saco feito em nylon com regulagem e mosquet\u00e3o para facilitar o transporte enquanto estiver dobrada.<\/span><\/p>\n<\/div>\n<div class=\"desc\">\n<p class=\"desc-tit\">Altura<span class=\"desc-sub\">\u00a0:\u00a0 43 cm<\/span><\/p>\n<\/div>\n<div class=\"desc\">\n<p class=\"desc-tit\">Largura<span class=\"desc-sub\">\u00a0:\u00a0 28 cm<\/span><\/p>\n<\/div>\n<div class=\"desc\">\n<p class=\"desc-tit\">Profundidade<span class=\"desc-sub\">\u00a0:\u00a0 10 cm<\/span><\/p>\n<\/div>\n<\/div>\n","protected":false},"excerpt":{"rendered":"<p>01333 Mochila Dobr\u00e1vel Personalizada. Descri\u00e7\u00e3o:\u00a0Mochila dobr\u00e1vel com design leve confeccionada em poli\u00e9ster resistente \u00e0 \u00e1gua. Com capacidade m\u00e1xima de 14 litros, apresenta um compartimento interno principal,<span class=\"excerpt-hellip\"> [\u2026]<\/span><\/p>\n","protected":false},"featured_media":6336,"comment_status":"closed","ping_status":"closed","template":"","meta":[],"product_cat":[171,312],"product_tag":[305,181],"class_list":["post-6329","product","type-product","status-publish","has-post-thumbnail","hentry","product_cat-mochilas-e-malas","product_cat-mochilas-saco-e-bolsas-esportivas","product_tag-mochila-dobravel-personalizada","product_tag-mochila-personalizada"],"_links":{"self":[{"href":"https:\/\/vohnabrindes.com.br\/index.php\/wp-json\/wp\/v2\/product\/6329","targetHints":{"allow":["GET"]}}],"collection":[{"href":"https:\/\/vohnabrindes.com.br\/index.php\/wp-json\/wp\/v2\/product"}],"about":[{"href":"https:\/\/vohnabrindes.com.br\/index.php\/wp-json\/wp\/v2\/types\/product"}],"replies":[{"embeddable":true,"href":"https:\/\/vohnabrindes.com.br\/index.php\/wp-json\/wp\/v2\/comments?post=6329"}],"version-history":[{"count":1,"href":"https:\/\/vohnabrindes.com.br\/index.php\/wp-json\/wp\/v2\/product\/6329\/revisions"}],"predecessor-version":[{"id":6337,"href":"https:\/\/vohnabrindes.com.br\/index.php\/wp-json\/wp\/v2\/product\/6329\/revisions\/6337"}],"wp:featuredmedia":[{"embeddable":true,"href":"https:\/\/vohnabrindes.com.br\/index.php\/wp-json\/wp\/v2\/media\/6336"}],"wp:attachment":[{"href":"https:\/\/vohnabrindes.com.br\/index.php\/wp-json\/wp\/v2\/media?parent=6329"}],"wp:term":[{"taxonomy":"product_cat","embeddable":true,"href":"https:\/\/vohnabrindes.com.br\/index.php\/wp-json\/wp\/v2\/product_cat?post=6329"},{"taxonomy":"product_tag","embeddable":true,"href":"https:\/\/vohnabrindes.com.br\/index.php\/wp-json\/wp\/v2\/product_tag?post=6329"}],"curies":[{"name":"wp","href":"https:\/\/api.w.org\/{rel}","templated":true}]}}