{"id":6330,"date":"2025-09-26T14:11:29","date_gmt":"2025-09-26T17:11:29","guid":{"rendered":"https:\/\/vohnabrindes.com.br\/?post_type=product&#038;p=6330"},"modified":"2025-09-26T14:11:35","modified_gmt":"2025-09-26T17:11:35","slug":"mochila-dobravel-personalizada-4","status":"publish","type":"product","link":"https:\/\/vohnabrindes.com.br\/index.php\/product\/mochila-dobravel-personalizada-4\/","title":{"rendered":"Mochila Dobr\u00e1vel Personalizada."},"content":{"rendered":"<pre id=\"item_referencia\">01334<\/pre>\n<p class=\"produto-nome\">Mochila Dobr\u00e1vel Personalizada.<\/p>\n<div class=\"caracs\">\n<div class=\"desc\">\n<p class=\"desc-tit\">Descri\u00e7\u00e3o:\u00a0<span class=\"desc-sub my-desc-sub\">Mochila dobr\u00e1vel confeccionada poli\u00e9ster resistente \u00e0 \u00e1gua e com capacidade m\u00e1xima de 20 litros. Pode ser transportada como um estojo compacto enquanto dobrada e, ao ser desdobrada, apresenta um compartimento interno com uma divis\u00f3ria. Al\u00e9m disso, tamb\u00e9m possui um bolso frontal amplo, outros dois bolsos laterais em rede com el\u00e1stico, um compartimento traseiro antifurto e um par de al\u00e7as com revestimento em espuma respir\u00e1vel.<\/span><\/p>\n<\/div>\n<div class=\"desc\">\n<p class=\"desc-tit\">Altura<span class=\"desc-sub\">\u00a0:\u00a0 44 cm<\/span><\/p>\n<\/div>\n<div class=\"desc\">\n<p class=\"desc-tit\">Largura<span class=\"desc-sub\">\u00a0:\u00a0 30 cm<\/span><\/p>\n<\/div>\n<div class=\"desc\">\n<p class=\"desc-tit\">Profundidade<span class=\"desc-sub\">\u00a0:\u00a0 40 cm<\/span><\/p>\n<\/div>\n<\/div>\n","protected":false},"excerpt":{"rendered":"<p>01334 Mochila Dobr\u00e1vel Personalizada. Descri\u00e7\u00e3o:\u00a0Mochila dobr\u00e1vel confeccionada poli\u00e9ster resistente \u00e0 \u00e1gua e com capacidade m\u00e1xima de 20 litros. Pode ser transportada como um estojo compacto enquanto<span class=\"excerpt-hellip\"> [\u2026]<\/span><\/p>\n","protected":false},"featured_media":6338,"comment_status":"closed","ping_status":"closed","template":"","meta":[],"product_cat":[171,312],"product_tag":[305,181],"class_list":["post-6330","product","type-product","status-publish","has-post-thumbnail","hentry","product_cat-mochilas-e-malas","product_cat-mochilas-saco-e-bolsas-esportivas","product_tag-mochila-dobravel-personalizada","product_tag-mochila-personalizada"],"_links":{"self":[{"href":"https:\/\/vohnabrindes.com.br\/index.php\/wp-json\/wp\/v2\/product\/6330","targetHints":{"allow":["GET"]}}],"collection":[{"href":"https:\/\/vohnabrindes.com.br\/index.php\/wp-json\/wp\/v2\/product"}],"about":[{"href":"https:\/\/vohnabrindes.com.br\/index.php\/wp-json\/wp\/v2\/types\/product"}],"replies":[{"embeddable":true,"href":"https:\/\/vohnabrindes.com.br\/index.php\/wp-json\/wp\/v2\/comments?post=6330"}],"version-history":[{"count":1,"href":"https:\/\/vohnabrindes.com.br\/index.php\/wp-json\/wp\/v2\/product\/6330\/revisions"}],"predecessor-version":[{"id":6339,"href":"https:\/\/vohnabrindes.com.br\/index.php\/wp-json\/wp\/v2\/product\/6330\/revisions\/6339"}],"wp:featuredmedia":[{"embeddable":true,"href":"https:\/\/vohnabrindes.com.br\/index.php\/wp-json\/wp\/v2\/media\/6338"}],"wp:attachment":[{"href":"https:\/\/vohnabrindes.com.br\/index.php\/wp-json\/wp\/v2\/media?parent=6330"}],"wp:term":[{"taxonomy":"product_cat","embeddable":true,"href":"https:\/\/vohnabrindes.com.br\/index.php\/wp-json\/wp\/v2\/product_cat?post=6330"},{"taxonomy":"product_tag","embeddable":true,"href":"https:\/\/vohnabrindes.com.br\/index.php\/wp-json\/wp\/v2\/product_tag?post=6330"}],"curies":[{"name":"wp","href":"https:\/\/api.w.org\/{rel}","templated":true}]}}