{"id":6331,"date":"2025-09-26T14:11:29","date_gmt":"2025-09-26T17:11:29","guid":{"rendered":"https:\/\/vohnabrindes.com.br\/?post_type=product&#038;p=6331"},"modified":"2025-09-26T14:11:37","modified_gmt":"2025-09-26T17:11:37","slug":"bolsa-transversal-personalizada","status":"publish","type":"product","link":"https:\/\/vohnabrindes.com.br\/index.php\/product\/bolsa-transversal-personalizada\/","title":{"rendered":"Bolsa Transversal Personalizada."},"content":{"rendered":"<pre id=\"item_referencia\">01332<\/pre>\n<p class=\"produto-nome\">Bolsa Transversal Personalizada.<\/p>\n<div class=\"caracs\">\n<div class=\"desc\">\n<p class=\"desc-tit\">Descri\u00e7\u00e3o:\u00a0<span class=\"desc-sub my-desc-sub\">Mini bolsa confeccionada em tecido Oxford resistente \u00e0 \u00e1gua e al\u00e7a transversal ajust\u00e1vel em nylon. Possui dois compartimentos e um bolso interno, todos com fechamento em z\u00edper, al\u00e9m de entrada para fones de ouvido e uma pequena placa met\u00e1lica para personaliza\u00e7\u00e3o.<\/span><\/p>\n<\/div>\n<div class=\"desc\">\n<p class=\"desc-tit\">Altura<span class=\"desc-sub\">\u00a0:\u00a0 23 cm<\/span><\/p>\n<\/div>\n<div class=\"desc\">\n<p class=\"desc-tit\">Largura<span class=\"desc-sub\">\u00a0:\u00a0 13,5 cm<\/span><\/p>\n<\/div>\n<div class=\"desc\">\n<p class=\"desc-tit\">Profundidade<span class=\"desc-sub\">\u00a0:\u00a0 4,8 cm<\/span><\/p>\n<\/div>\n<div class=\"desc\">\n<p class=\"desc-tit\">Medidas aproximadas para grava\u00e7\u00e3o<span class=\"desc-sub\">\u00a0(CxL):\u00a0 1 cm x 3,5 cm<\/span><\/p>\n<\/div>\n<div class=\"desc\">\n<p class=\"desc-tit\">Peso aproximado<span class=\"desc-sub\">\u00a0(g):\u00a0 96<\/span><\/p>\n<\/div>\n<\/div>\n<div class=\"form_qtd\">\n<div class=\"conteudo_cor_ref_descricao\">\n<div class=\"cor_ref_descricao\">\n<div class=\"cor_prod\"><\/div>\n<\/div>\n<\/div>\n<\/div>\n","protected":false},"excerpt":{"rendered":"<p>01332 Bolsa Transversal Personalizada. Descri\u00e7\u00e3o:\u00a0Mini bolsa confeccionada em tecido Oxford resistente \u00e0 \u00e1gua e al\u00e7a transversal ajust\u00e1vel em nylon. Possui dois compartimentos e um bolso interno,<span class=\"excerpt-hellip\"> [\u2026]<\/span><\/p>\n","protected":false},"featured_media":6340,"comment_status":"closed","ping_status":"closed","template":"","meta":[],"product_cat":[171,312],"product_tag":[314,2357],"class_list":["post-6331","product","type-product","status-publish","has-post-thumbnail","hentry","product_cat-mochilas-e-malas","product_cat-mochilas-saco-e-bolsas-esportivas","product_tag-bolsa-personalizada","product_tag-bolsa-transversal-personalizada"],"_links":{"self":[{"href":"https:\/\/vohnabrindes.com.br\/index.php\/wp-json\/wp\/v2\/product\/6331","targetHints":{"allow":["GET"]}}],"collection":[{"href":"https:\/\/vohnabrindes.com.br\/index.php\/wp-json\/wp\/v2\/product"}],"about":[{"href":"https:\/\/vohnabrindes.com.br\/index.php\/wp-json\/wp\/v2\/types\/product"}],"replies":[{"embeddable":true,"href":"https:\/\/vohnabrindes.com.br\/index.php\/wp-json\/wp\/v2\/comments?post=6331"}],"version-history":[{"count":1,"href":"https:\/\/vohnabrindes.com.br\/index.php\/wp-json\/wp\/v2\/product\/6331\/revisions"}],"predecessor-version":[{"id":6341,"href":"https:\/\/vohnabrindes.com.br\/index.php\/wp-json\/wp\/v2\/product\/6331\/revisions\/6341"}],"wp:featuredmedia":[{"embeddable":true,"href":"https:\/\/vohnabrindes.com.br\/index.php\/wp-json\/wp\/v2\/media\/6340"}],"wp:attachment":[{"href":"https:\/\/vohnabrindes.com.br\/index.php\/wp-json\/wp\/v2\/media?parent=6331"}],"wp:term":[{"taxonomy":"product_cat","embeddable":true,"href":"https:\/\/vohnabrindes.com.br\/index.php\/wp-json\/wp\/v2\/product_cat?post=6331"},{"taxonomy":"product_tag","embeddable":true,"href":"https:\/\/vohnabrindes.com.br\/index.php\/wp-json\/wp\/v2\/product_tag?post=6331"}],"curies":[{"name":"wp","href":"https:\/\/api.w.org\/{rel}","templated":true}]}}