{"id":6343,"date":"2025-09-26T14:11:37","date_gmt":"2025-09-26T17:11:37","guid":{"rendered":"https:\/\/vohnabrindes.com.br\/?post_type=product&#038;p=6343"},"modified":"2025-09-26T14:11:41","modified_gmt":"2025-09-26T17:11:41","slug":"bolsa-termica-10-litros-personalizada-3","status":"publish","type":"product","link":"https:\/\/vohnabrindes.com.br\/index.php\/product\/bolsa-termica-10-litros-personalizada-3\/","title":{"rendered":"Bolsa T\u00e9rmica 10 Litros Personalizada."},"content":{"rendered":"<pre id=\"item_referencia\">18958<\/pre>\n<p class=\"produto-nome\">Bolsa T\u00e9rmica 10 Litros Personalizada.<\/p>\n<div class=\"caracs\">\n<div class=\"desc\">\n<p class=\"desc-tit\">\u00a0<span class=\"desc-sub my-desc-sub\">Bolsa t\u00e9rmica com capacidade de at\u00e9 10 litros. Confeccionada em Oxford resistente \u00e0 \u00e1gua, possui compartimento interno com revestimento t\u00e9rmico em PEVA e fechamento em z\u00edper. Conta ainda com bolso frontal com plaquinha de couro sint\u00e9tico fixada com velcro, um par de bolsos laterais e duas al\u00e7as fixas para transporte, al\u00e9m de uma al\u00e7a transversal regul\u00e1vel com mosquet\u00f5es para encaixe nas fivelas laterais da bolsa.<\/span><\/p>\n<\/div>\n<div class=\"desc\">\n<p class=\"desc-tit\">Altura<span class=\"desc-sub\">\u00a0:\u00a0 26 cm<\/span><\/p>\n<\/div>\n<div class=\"desc\">\n<p class=\"desc-tit\">Largura<span class=\"desc-sub\">\u00a0:\u00a0 25 cm<\/span><\/p>\n<\/div>\n<div class=\"desc\">\n<p class=\"desc-tit\">Profundidade<span class=\"desc-sub\">\u00a0:\u00a0 13,5 cm<\/span><\/p>\n<\/div>\n<div class=\"desc\">\n<p class=\"desc-tit\">Medidas aproximadas para grava\u00e7\u00e3o<span class=\"desc-sub\">\u00a0(CxL):\u00a0 2 cm x 4 cm<\/span><\/p>\n<\/div>\n<div class=\"desc\">\n<p class=\"desc-tit\">Peso aproximado<span class=\"desc-sub\">\u00a0(g):\u00a0 365<\/span><\/p>\n<\/div>\n<\/div>\n","protected":false},"excerpt":{"rendered":"<p>18958 Bolsa T\u00e9rmica 10 Litros Personalizada. \u00a0Bolsa t\u00e9rmica com capacidade de at\u00e9 10 litros. Confeccionada em Oxford resistente \u00e0 \u00e1gua, possui compartimento interno com revestimento t\u00e9rmico<span class=\"excerpt-hellip\"> [\u2026]<\/span><\/p>\n","protected":false},"featured_media":6359,"comment_status":"closed","ping_status":"closed","template":"","meta":[],"product_cat":[145],"product_tag":[2316,358],"class_list":["post-6343","product","type-product","status-publish","has-post-thumbnail","hentry","product_cat-bolsas-termicas-e-coolers","product_tag-bolsa-termica-10-litros-personalizada","product_tag-bolsa-termica-personalizada"],"_links":{"self":[{"href":"https:\/\/vohnabrindes.com.br\/index.php\/wp-json\/wp\/v2\/product\/6343","targetHints":{"allow":["GET"]}}],"collection":[{"href":"https:\/\/vohnabrindes.com.br\/index.php\/wp-json\/wp\/v2\/product"}],"about":[{"href":"https:\/\/vohnabrindes.com.br\/index.php\/wp-json\/wp\/v2\/types\/product"}],"replies":[{"embeddable":true,"href":"https:\/\/vohnabrindes.com.br\/index.php\/wp-json\/wp\/v2\/comments?post=6343"}],"version-history":[{"count":1,"href":"https:\/\/vohnabrindes.com.br\/index.php\/wp-json\/wp\/v2\/product\/6343\/revisions"}],"predecessor-version":[{"id":6360,"href":"https:\/\/vohnabrindes.com.br\/index.php\/wp-json\/wp\/v2\/product\/6343\/revisions\/6360"}],"wp:featuredmedia":[{"embeddable":true,"href":"https:\/\/vohnabrindes.com.br\/index.php\/wp-json\/wp\/v2\/media\/6359"}],"wp:attachment":[{"href":"https:\/\/vohnabrindes.com.br\/index.php\/wp-json\/wp\/v2\/media?parent=6343"}],"wp:term":[{"taxonomy":"product_cat","embeddable":true,"href":"https:\/\/vohnabrindes.com.br\/index.php\/wp-json\/wp\/v2\/product_cat?post=6343"},{"taxonomy":"product_tag","embeddable":true,"href":"https:\/\/vohnabrindes.com.br\/index.php\/wp-json\/wp\/v2\/product_tag?post=6343"}],"curies":[{"name":"wp","href":"https:\/\/api.w.org\/{rel}","templated":true}]}}