{"id":6346,"date":"2025-09-26T14:11:38","date_gmt":"2025-09-26T17:11:38","guid":{"rendered":"https:\/\/vohnabrindes.com.br\/?post_type=product&#038;p=6346"},"modified":"2025-09-26T14:11:47","modified_gmt":"2025-09-26T17:11:47","slug":"shoulder-bag-personalizada","status":"publish","type":"product","link":"https:\/\/vohnabrindes.com.br\/index.php\/product\/shoulder-bag-personalizada\/","title":{"rendered":"shoulder\u00a0bag personalizada."},"content":{"rendered":"<pre id=\"item_referencia\">09104<\/pre>\n<p class=\"produto-nome\">Mini Bolsa Transversal personalizado.<\/p>\n<p><b><i>shoulder<\/i><\/b>\u00a0bag personalizada.<\/p>\n<div class=\"caracs\">\n<div class=\"desc\">\n<p class=\"desc-tit\"><span class=\"desc-sub my-desc-sub\">Mini bolsa confeccionada em tecido resistente \u00e0 \u00e1gua e al\u00e7a transversal ajust\u00e1vel em nylon. Possui fechamento em z\u00edper e bolso frontal que facilita a organiza\u00e7\u00e3o de objetos.<\/span><\/p>\n<\/div>\n<div class=\"desc\">\n<p class=\"desc-tit\">Altura<span class=\"desc-sub\">\u00a0:\u00a0 19 cm<\/span><\/p>\n<\/div>\n<div class=\"desc\">\n<p class=\"desc-tit\">Largura<span class=\"desc-sub\">\u00a0:\u00a0 15 cm<\/span><\/p>\n<\/div>\n<div class=\"desc\">\n<p class=\"desc-tit\">Profundidade<span class=\"desc-sub\">\u00a0:\u00a0 5 cm<\/span><\/p>\n<\/div>\n<div class=\"desc\">\n<p class=\"desc-tit\">Medidas aproximadas para grava\u00e7\u00e3o<span class=\"desc-sub\">\u00a0(CxL):\u00a0 12 cm x 13 cm<\/span><\/p>\n<\/div>\n<div class=\"desc\">\n<p class=\"desc-tit\">Peso aproximado<span class=\"desc-sub\">\u00a0(g):\u00a0 112<\/span><\/p>\n<\/div>\n<\/div>\n","protected":false},"excerpt":{"rendered":"<p>09104 Mini Bolsa Transversal personalizado. shoulder\u00a0bag personalizada. Mini bolsa confeccionada em tecido resistente \u00e0 \u00e1gua e al\u00e7a transversal ajust\u00e1vel em nylon. Possui fechamento em z\u00edper e<span class=\"excerpt-hellip\"> [\u2026]<\/span><\/p>\n","protected":false},"featured_media":6365,"comment_status":"closed","ping_status":"closed","template":"","meta":[],"product_cat":[312,783],"product_tag":[2373,314,2374,2375,2376,2377,2378],"class_list":["post-6346","product","type-product","status-publish","has-post-thumbnail","hentry","product_cat-mochilas-saco-e-bolsas-esportivas","product_cat-necessaires","product_tag-bolsa-feminina-personalizada","product_tag-bolsa-personalizada","product_tag-bolsas-para-eventos","product_tag-brindes-para-eventos","product_tag-eventos-corporativos","product_tag-mini-bolsa-transversal-personalizado","product_tag-shoulder-bag-personalizada"],"_links":{"self":[{"href":"https:\/\/vohnabrindes.com.br\/index.php\/wp-json\/wp\/v2\/product\/6346","targetHints":{"allow":["GET"]}}],"collection":[{"href":"https:\/\/vohnabrindes.com.br\/index.php\/wp-json\/wp\/v2\/product"}],"about":[{"href":"https:\/\/vohnabrindes.com.br\/index.php\/wp-json\/wp\/v2\/types\/product"}],"replies":[{"embeddable":true,"href":"https:\/\/vohnabrindes.com.br\/index.php\/wp-json\/wp\/v2\/comments?post=6346"}],"version-history":[{"count":1,"href":"https:\/\/vohnabrindes.com.br\/index.php\/wp-json\/wp\/v2\/product\/6346\/revisions"}],"predecessor-version":[{"id":6366,"href":"https:\/\/vohnabrindes.com.br\/index.php\/wp-json\/wp\/v2\/product\/6346\/revisions\/6366"}],"wp:featuredmedia":[{"embeddable":true,"href":"https:\/\/vohnabrindes.com.br\/index.php\/wp-json\/wp\/v2\/media\/6365"}],"wp:attachment":[{"href":"https:\/\/vohnabrindes.com.br\/index.php\/wp-json\/wp\/v2\/media?parent=6346"}],"wp:term":[{"taxonomy":"product_cat","embeddable":true,"href":"https:\/\/vohnabrindes.com.br\/index.php\/wp-json\/wp\/v2\/product_cat?post=6346"},{"taxonomy":"product_tag","embeddable":true,"href":"https:\/\/vohnabrindes.com.br\/index.php\/wp-json\/wp\/v2\/product_tag?post=6346"}],"curies":[{"name":"wp","href":"https:\/\/api.w.org\/{rel}","templated":true}]}}