{"id":6347,"date":"2025-09-26T14:11:38","date_gmt":"2025-09-26T17:11:38","guid":{"rendered":"https:\/\/vohnabrindes.com.br\/?post_type=product&#038;p=6347"},"modified":"2025-10-08T18:18:53","modified_gmt":"2025-10-08T21:18:53","slug":"tigela-para-pet-retratil-350ml-personalizada","status":"publish","type":"product","link":"https:\/\/vohnabrindes.com.br\/index.php\/product\/tigela-para-pet-retratil-350ml-personalizada\/","title":{"rendered":"Tigela para Pet Retr\u00e1til 350ml personalizada."},"content":{"rendered":"<pre id=\"item_referencia\">09124<\/pre>\n<p class=\"produto-nome\">Tigela para Pet Retr\u00e1til 350ml personalizada.<\/p>\n<div class=\"caracs\">\n<div class=\"desc\">\n<p class=\"desc-tit\"><span class=\"desc-sub my-desc-sub\">Tigela retr\u00e1til para pets feita em silicone com borda pl\u00e1stica equipada com encaixe para mosquet\u00e3o e capacidade de at\u00e9 350ml. Acompanha mosquet\u00e3o met\u00e1lico para facilitar o transporte.<\/span><\/p>\n<\/div>\n<div class=\"desc\">\n<p class=\"desc-tit\">Altura<span class=\"desc-sub\">\u00a0:\u00a0 4,8 cm<\/span><\/p>\n<\/div>\n<div class=\"desc\">\n<p class=\"desc-tit\">Largura<span class=\"desc-sub\">\u00a0:\u00a0 14,1 cm<\/span><\/p>\n<\/div>\n<div class=\"desc\">\n<p class=\"desc-tit\">Espessura<span class=\"desc-sub\">\u00a0:\u00a0 fechada:1,3 cm<\/span><\/p>\n<\/div>\n<div class=\"desc\">\n<p class=\"desc-tit\">Medidas aproximadas para grava\u00e7\u00e3o<span class=\"desc-sub\">\u00a0(CxL):\u00a0 2 cm x 4 cm<\/span><\/p>\n<\/div>\n<div class=\"desc\">\n<p class=\"desc-tit\">Peso aproximado<span class=\"desc-sub\">\u00a0(g):\u00a0 49<\/span><\/p>\n<\/div>\n<\/div>\n","protected":false},"excerpt":{"rendered":"<p>09124 Tigela para Pet Retr\u00e1til 350ml personalizada. Tigela retr\u00e1til para pets feita em silicone com borda pl\u00e1stica equipada com encaixe para mosquet\u00e3o e capacidade de at\u00e9<span class=\"excerpt-hellip\"> [\u2026]<\/span><\/p>\n","protected":false},"featured_media":6367,"comment_status":"closed","ping_status":"closed","template":"","meta":[],"product_cat":[738],"product_tag":[2379,2380,2381,748,2382,2383,2384],"class_list":["post-6347","product","type-product","status-publish","has-post-thumbnail","hentry","product_cat-linha-pet","product_tag-brindes-personalizado-para-pet","product_tag-brindes-pet","product_tag-comedouro-pet","product_tag-comedouro-pet-personalizado","product_tag-tigela-para-pet-personalizada","product_tag-tigela-para-pet-retratil-350ml-personalizada","product_tag-tigela-para-pet-retratil-personalizada"],"_links":{"self":[{"href":"https:\/\/vohnabrindes.com.br\/index.php\/wp-json\/wp\/v2\/product\/6347","targetHints":{"allow":["GET"]}}],"collection":[{"href":"https:\/\/vohnabrindes.com.br\/index.php\/wp-json\/wp\/v2\/product"}],"about":[{"href":"https:\/\/vohnabrindes.com.br\/index.php\/wp-json\/wp\/v2\/types\/product"}],"replies":[{"embeddable":true,"href":"https:\/\/vohnabrindes.com.br\/index.php\/wp-json\/wp\/v2\/comments?post=6347"}],"version-history":[{"count":1,"href":"https:\/\/vohnabrindes.com.br\/index.php\/wp-json\/wp\/v2\/product\/6347\/revisions"}],"predecessor-version":[{"id":6368,"href":"https:\/\/vohnabrindes.com.br\/index.php\/wp-json\/wp\/v2\/product\/6347\/revisions\/6368"}],"wp:featuredmedia":[{"embeddable":true,"href":"https:\/\/vohnabrindes.com.br\/index.php\/wp-json\/wp\/v2\/media\/6367"}],"wp:attachment":[{"href":"https:\/\/vohnabrindes.com.br\/index.php\/wp-json\/wp\/v2\/media?parent=6347"}],"wp:term":[{"taxonomy":"product_cat","embeddable":true,"href":"https:\/\/vohnabrindes.com.br\/index.php\/wp-json\/wp\/v2\/product_cat?post=6347"},{"taxonomy":"product_tag","embeddable":true,"href":"https:\/\/vohnabrindes.com.br\/index.php\/wp-json\/wp\/v2\/product_tag?post=6347"}],"curies":[{"name":"wp","href":"https:\/\/api.w.org\/{rel}","templated":true}]}}