{"id":6348,"date":"2025-09-26T14:11:38","date_gmt":"2025-09-26T17:11:38","guid":{"rendered":"https:\/\/vohnabrindes.com.br\/?post_type=product&#038;p=6348"},"modified":"2025-09-26T14:11:50","modified_gmt":"2025-09-26T17:11:50","slug":"bolsa-termica-20-litros-personalizada","status":"publish","type":"product","link":"https:\/\/vohnabrindes.com.br\/index.php\/product\/bolsa-termica-20-litros-personalizada\/","title":{"rendered":"Bolsa T\u00e9rmica 20 Litros personalizada."},"content":{"rendered":"<pre id=\"item_referencia\">18961<\/pre>\n<p class=\"produto-nome\">Bolsa T\u00e9rmica 20 Litros personalizada.<\/p>\n<div class=\"caracs\">\n<div class=\"desc\">\n<p class=\"desc-tit\"><span class=\"desc-sub my-desc-sub\">Bolsa t\u00e9rmica confeccionada em Oxford com fechamento em z\u00edper e capacidade de at\u00e9 20 litros. O compartimento interno possui revestimento t\u00e9rmico em PEVA. Conta com bolso frontal de z\u00edper com plaquinha de couro sint\u00e9tico fixada com velcro, al\u00e9m de um par de bolsos laterais em tela de tecido respir\u00e1vel com el\u00e1stico. Apresenta ainda duas al\u00e7as de m\u00e3o com suporte de juntura e al\u00e7a transversal regul\u00e1vel e remov\u00edvel, com mosquet\u00f5es para encaixe nas fivelas laterais.<\/span><\/p>\n<\/div>\n<div class=\"desc\">\n<p class=\"desc-tit\">Altura<span class=\"desc-sub\">\u00a0:\u00a0 25,5 cm<\/span><\/p>\n<\/div>\n<div class=\"desc\">\n<p class=\"desc-tit\">Largura<span class=\"desc-sub\">\u00a0:\u00a0 34 cm<\/span><\/p>\n<\/div>\n<div class=\"desc\">\n<p class=\"desc-tit\">Profundidade<span class=\"desc-sub\">\u00a0:\u00a0 23 cm<\/span><\/p>\n<\/div>\n<div class=\"desc\">\n<p class=\"desc-tit\">Medidas aproximadas para grava\u00e7\u00e3o<span class=\"desc-sub\">\u00a0(CxL):\u00a0 2 cm x 4 cm<\/span><\/p>\n<\/div>\n<div class=\"desc\">\n<p class=\"desc-tit\">Peso aproximado<span class=\"desc-sub\">\u00a0(g):\u00a0 358<\/span><\/p>\n<\/div>\n<\/div>\n","protected":false},"excerpt":{"rendered":"<p>18961 Bolsa T\u00e9rmica 20 Litros personalizada. Bolsa t\u00e9rmica confeccionada em Oxford com fechamento em z\u00edper e capacidade de at\u00e9 20 litros. O compartimento interno possui revestimento<span class=\"excerpt-hellip\"> [\u2026]<\/span><\/p>\n","protected":false},"featured_media":6369,"comment_status":"closed","ping_status":"closed","template":"","meta":[],"product_cat":[145],"product_tag":[2304,1158,358,2385,655],"class_list":["post-6348","product","type-product","status-publish","has-post-thumbnail","hentry","product_cat-bolsas-termicas-e-coolers","product_tag-bolsa-termica-20-litros-personalizada","product_tag-bolsa-termica-luxo-personalizada","product_tag-bolsa-termica-personalizada","product_tag-brindes-final-de-ano","product_tag-brindes-verao"],"_links":{"self":[{"href":"https:\/\/vohnabrindes.com.br\/index.php\/wp-json\/wp\/v2\/product\/6348","targetHints":{"allow":["GET"]}}],"collection":[{"href":"https:\/\/vohnabrindes.com.br\/index.php\/wp-json\/wp\/v2\/product"}],"about":[{"href":"https:\/\/vohnabrindes.com.br\/index.php\/wp-json\/wp\/v2\/types\/product"}],"replies":[{"embeddable":true,"href":"https:\/\/vohnabrindes.com.br\/index.php\/wp-json\/wp\/v2\/comments?post=6348"}],"version-history":[{"count":1,"href":"https:\/\/vohnabrindes.com.br\/index.php\/wp-json\/wp\/v2\/product\/6348\/revisions"}],"predecessor-version":[{"id":6370,"href":"https:\/\/vohnabrindes.com.br\/index.php\/wp-json\/wp\/v2\/product\/6348\/revisions\/6370"}],"wp:featuredmedia":[{"embeddable":true,"href":"https:\/\/vohnabrindes.com.br\/index.php\/wp-json\/wp\/v2\/media\/6369"}],"wp:attachment":[{"href":"https:\/\/vohnabrindes.com.br\/index.php\/wp-json\/wp\/v2\/media?parent=6348"}],"wp:term":[{"taxonomy":"product_cat","embeddable":true,"href":"https:\/\/vohnabrindes.com.br\/index.php\/wp-json\/wp\/v2\/product_cat?post=6348"},{"taxonomy":"product_tag","embeddable":true,"href":"https:\/\/vohnabrindes.com.br\/index.php\/wp-json\/wp\/v2\/product_tag?post=6348"}],"curies":[{"name":"wp","href":"https:\/\/api.w.org\/{rel}","templated":true}]}}