{"id":6349,"date":"2025-09-26T14:11:38","date_gmt":"2025-09-26T17:11:38","guid":{"rendered":"https:\/\/vohnabrindes.com.br\/?post_type=product&#038;p=6349"},"modified":"2025-09-26T14:11:51","modified_gmt":"2025-09-26T17:11:51","slug":"bolsa-termica-dupla-7-litros-personalizada-2","status":"publish","type":"product","link":"https:\/\/vohnabrindes.com.br\/index.php\/product\/bolsa-termica-dupla-7-litros-personalizada-2\/","title":{"rendered":"Bolsa T\u00e9rmica Dupla 7 Litros personalizada."},"content":{"rendered":"<h6 id=\"item_referencia\">19009<\/h6>\n<p class=\"produto-nome\">Bolsa T\u00e9rmica Dupla 7 Litros personalizada.<\/p>\n<div class=\"caracs\">\n<div class=\"desc\">\n<p class=\"desc-tit\">Descri\u00e7\u00e3o:\u00a0<span class=\"desc-sub my-desc-sub\">Bolsa t\u00e9rmica confeccionada em poli\u00e9ster mesclado com PVC imperme\u00e1vel, fechamento em z\u00edper e capacidade de at\u00e9 7 litros na soma de seus dois compartimentos t\u00e9rmicos individuais revestidos em PEVA at\u00f3xico. Conta com placa emborrachada para personaliza\u00e7\u00e3o, uma al\u00e7a de m\u00e3o e al\u00e7a transversal.<\/span><\/p>\n<\/div>\n<div class=\"desc\">\n<p class=\"desc-tit\">Altura<span class=\"desc-sub\">\u00a0:\u00a0 23,5 cm<\/span><\/p>\n<\/div>\n<div class=\"desc\">\n<p class=\"desc-tit\">Largura<span class=\"desc-sub\">\u00a0:\u00a0 22,5 cm<\/span><\/p>\n<\/div>\n<div class=\"desc\">\n<p class=\"desc-tit\">Profundidade<span class=\"desc-sub\">\u00a0:\u00a0 14,5 cm<\/span><\/p>\n<\/div>\n<div class=\"desc\">\n<p class=\"desc-tit\">Medidas aproximadas para grava\u00e7\u00e3o<span class=\"desc-sub\">\u00a0(CxL):\u00a0 2,5 cm x 3,5 cm<\/span><\/p>\n<\/div>\n<div class=\"desc\">\n<p class=\"desc-tit\">Peso aproximado<span class=\"desc-sub\">\u00a0(g):\u00a0 306<\/span><\/p>\n<\/div>\n<\/div>\n","protected":false},"excerpt":{"rendered":"<p>19009 Bolsa T\u00e9rmica Dupla 7 Litros personalizada. Descri\u00e7\u00e3o:\u00a0Bolsa t\u00e9rmica confeccionada em poli\u00e9ster mesclado com PVC imperme\u00e1vel, fechamento em z\u00edper e capacidade de at\u00e9 7 litros na<span class=\"excerpt-hellip\"> [\u2026]<\/span><\/p>\n","protected":false},"featured_media":6371,"comment_status":"closed","ping_status":"closed","template":"","meta":[],"product_cat":[145],"product_tag":[1022,358],"class_list":["post-6349","product","type-product","status-publish","has-post-thumbnail","hentry","product_cat-bolsas-termicas-e-coolers","product_tag-bolsa-termica-dupla-7-litros-personalizada","product_tag-bolsa-termica-personalizada"],"_links":{"self":[{"href":"https:\/\/vohnabrindes.com.br\/index.php\/wp-json\/wp\/v2\/product\/6349","targetHints":{"allow":["GET"]}}],"collection":[{"href":"https:\/\/vohnabrindes.com.br\/index.php\/wp-json\/wp\/v2\/product"}],"about":[{"href":"https:\/\/vohnabrindes.com.br\/index.php\/wp-json\/wp\/v2\/types\/product"}],"replies":[{"embeddable":true,"href":"https:\/\/vohnabrindes.com.br\/index.php\/wp-json\/wp\/v2\/comments?post=6349"}],"version-history":[{"count":1,"href":"https:\/\/vohnabrindes.com.br\/index.php\/wp-json\/wp\/v2\/product\/6349\/revisions"}],"predecessor-version":[{"id":6372,"href":"https:\/\/vohnabrindes.com.br\/index.php\/wp-json\/wp\/v2\/product\/6349\/revisions\/6372"}],"wp:featuredmedia":[{"embeddable":true,"href":"https:\/\/vohnabrindes.com.br\/index.php\/wp-json\/wp\/v2\/media\/6371"}],"wp:attachment":[{"href":"https:\/\/vohnabrindes.com.br\/index.php\/wp-json\/wp\/v2\/media?parent=6349"}],"wp:term":[{"taxonomy":"product_cat","embeddable":true,"href":"https:\/\/vohnabrindes.com.br\/index.php\/wp-json\/wp\/v2\/product_cat?post=6349"},{"taxonomy":"product_tag","embeddable":true,"href":"https:\/\/vohnabrindes.com.br\/index.php\/wp-json\/wp\/v2\/product_tag?post=6349"}],"curies":[{"name":"wp","href":"https:\/\/api.w.org\/{rel}","templated":true}]}}