{"id":6350,"date":"2025-09-26T14:11:38","date_gmt":"2025-09-26T17:11:38","guid":{"rendered":"https:\/\/vohnabrindes.com.br\/?post_type=product&#038;p=6350"},"modified":"2025-09-26T14:11:53","modified_gmt":"2025-09-26T17:11:53","slug":"kit-porta-copos-personalizados","status":"publish","type":"product","link":"https:\/\/vohnabrindes.com.br\/index.php\/product\/kit-porta-copos-personalizados\/","title":{"rendered":"Kit porta copos personalizados."},"content":{"rendered":"<div class=\"ref\">94368-PLYCORK.<\/div>\n<div class=\"ref\">Kit porta copos personalizados.<\/div>\n<div class=\"texto\">Porta copos em madeira com 6 bases para copos em corti\u00e7a.<\/div>\n<div class=\"texto\">Desfrute da sua bebida evitando marcas na mesa. Certifica\u00e7\u00e3o EU Food Grade.<\/div>\n<div class=\"texto\">A cor e o resultado da impress\u00e3o nos materiais naturais pode variar entre produtos.<\/div>\n<div class=\"texto\">dimens\u00f5es: 140 x 92 x 78 mm<\/div>\n","protected":false},"excerpt":{"rendered":"<p>94368-PLYCORK. Kit porta copos personalizados. Porta copos em madeira com 6 bases para copos em corti\u00e7a. Desfrute da sua bebida evitando marcas na mesa. Certifica\u00e7\u00e3o EU<span class=\"excerpt-hellip\"> [\u2026]<\/span><\/p>\n","protected":false},"featured_media":6373,"comment_status":"closed","ping_status":"closed","template":"","meta":[],"product_cat":[448,126,275],"product_tag":[2409,2410,2411],"class_list":["post-6350","product","type-product","status-publish","has-post-thumbnail","hentry","product_cat-kit-vinho-bar-e-comemoracao","product_cat-linha-ecologica","product_cat-linha-gourmet","product_tag-brindes-cortica","product_tag-kit-porta-copos-personalizados","product_tag-porta-copos-em-cortica-personalizados"],"_links":{"self":[{"href":"https:\/\/vohnabrindes.com.br\/index.php\/wp-json\/wp\/v2\/product\/6350","targetHints":{"allow":["GET"]}}],"collection":[{"href":"https:\/\/vohnabrindes.com.br\/index.php\/wp-json\/wp\/v2\/product"}],"about":[{"href":"https:\/\/vohnabrindes.com.br\/index.php\/wp-json\/wp\/v2\/types\/product"}],"replies":[{"embeddable":true,"href":"https:\/\/vohnabrindes.com.br\/index.php\/wp-json\/wp\/v2\/comments?post=6350"}],"version-history":[{"count":1,"href":"https:\/\/vohnabrindes.com.br\/index.php\/wp-json\/wp\/v2\/product\/6350\/revisions"}],"predecessor-version":[{"id":6374,"href":"https:\/\/vohnabrindes.com.br\/index.php\/wp-json\/wp\/v2\/product\/6350\/revisions\/6374"}],"wp:featuredmedia":[{"embeddable":true,"href":"https:\/\/vohnabrindes.com.br\/index.php\/wp-json\/wp\/v2\/media\/6373"}],"wp:attachment":[{"href":"https:\/\/vohnabrindes.com.br\/index.php\/wp-json\/wp\/v2\/media?parent=6350"}],"wp:term":[{"taxonomy":"product_cat","embeddable":true,"href":"https:\/\/vohnabrindes.com.br\/index.php\/wp-json\/wp\/v2\/product_cat?post=6350"},{"taxonomy":"product_tag","embeddable":true,"href":"https:\/\/vohnabrindes.com.br\/index.php\/wp-json\/wp\/v2\/product_tag?post=6350"}],"curies":[{"name":"wp","href":"https:\/\/api.w.org\/{rel}","templated":true}]}}