{"id":6353,"date":"2025-09-26T14:11:38","date_gmt":"2025-09-26T17:11:38","guid":{"rendered":"https:\/\/vohnabrindes.com.br\/?post_type=product&#038;p=6353"},"modified":"2025-09-26T14:11:57","modified_gmt":"2025-09-26T17:11:57","slug":"porta-copos-redondo-em-cortica-personalizado","status":"publish","type":"product","link":"https:\/\/vohnabrindes.com.br\/index.php\/product\/porta-copos-redondo-em-cortica-personalizado\/","title":{"rendered":"Porta copos redondo em corti\u00e7a personalizado."},"content":{"rendered":"<div class=\"ref\">93828-PISANI.<\/div>\n<div class=\"ref\">Porta copos redondo em corti\u00e7a personalizado.<\/div>\n<div class=\"texto\">Porta copos redondo em corti\u00e7a.<\/div>\n<div class=\"texto\">dimens\u00f5es: \u00f8100 x 5 mm<\/div>\n","protected":false},"excerpt":{"rendered":"<p>93828-PISANI. Porta copos redondo em corti\u00e7a personalizado. Porta copos redondo em corti\u00e7a. dimens\u00f5es: \u00f8100 x 5 mm<\/p>\n","protected":false},"featured_media":6379,"comment_status":"closed","ping_status":"closed","template":"","meta":[],"product_cat":[135,126,275],"product_tag":[2417,2418,2419],"class_list":["post-6353","product","type-product","status-publish","has-post-thumbnail","hentry","product_cat-canecas-e-copos","product_cat-linha-ecologica","product_cat-linha-gourmet","product_tag-porta-copo-em-cortica-personalizado","product_tag-porta-copos-personalizado","product_tag-porta-copos-redondo-em-cortica-personalizado"],"_links":{"self":[{"href":"https:\/\/vohnabrindes.com.br\/index.php\/wp-json\/wp\/v2\/product\/6353","targetHints":{"allow":["GET"]}}],"collection":[{"href":"https:\/\/vohnabrindes.com.br\/index.php\/wp-json\/wp\/v2\/product"}],"about":[{"href":"https:\/\/vohnabrindes.com.br\/index.php\/wp-json\/wp\/v2\/types\/product"}],"replies":[{"embeddable":true,"href":"https:\/\/vohnabrindes.com.br\/index.php\/wp-json\/wp\/v2\/comments?post=6353"}],"version-history":[{"count":1,"href":"https:\/\/vohnabrindes.com.br\/index.php\/wp-json\/wp\/v2\/product\/6353\/revisions"}],"predecessor-version":[{"id":6380,"href":"https:\/\/vohnabrindes.com.br\/index.php\/wp-json\/wp\/v2\/product\/6353\/revisions\/6380"}],"wp:featuredmedia":[{"embeddable":true,"href":"https:\/\/vohnabrindes.com.br\/index.php\/wp-json\/wp\/v2\/media\/6379"}],"wp:attachment":[{"href":"https:\/\/vohnabrindes.com.br\/index.php\/wp-json\/wp\/v2\/media?parent=6353"}],"wp:term":[{"taxonomy":"product_cat","embeddable":true,"href":"https:\/\/vohnabrindes.com.br\/index.php\/wp-json\/wp\/v2\/product_cat?post=6353"},{"taxonomy":"product_tag","embeddable":true,"href":"https:\/\/vohnabrindes.com.br\/index.php\/wp-json\/wp\/v2\/product_tag?post=6353"}],"curies":[{"name":"wp","href":"https:\/\/api.w.org\/{rel}","templated":true}]}}