{"id":6354,"date":"2025-09-26T14:11:38","date_gmt":"2025-09-26T17:11:38","guid":{"rendered":"https:\/\/vohnabrindes.com.br\/?post_type=product&#038;p=6354"},"modified":"2025-09-26T14:11:59","modified_gmt":"2025-09-26T17:11:59","slug":"porta-copos-personalizado","status":"publish","type":"product","link":"https:\/\/vohnabrindes.com.br\/index.php\/product\/porta-copos-personalizado\/","title":{"rendered":"Porta copos personalizado."},"content":{"rendered":"<div class=\"ref\">93827-GARCIA.<\/div>\n<div class=\"ref\">Porta copos personalizado.<\/div>\n<div class=\"texto\">Porta copos em corti\u00e7a em formato quadrado com cantos redondos.<\/div>\n<div class=\"texto\">Certifica\u00e7\u00e3o EU Food Grade.<\/div>\n<div>dimens\u00f5es: 100 x100x5mm<\/div>\n","protected":false},"excerpt":{"rendered":"<p>93827-GARCIA. Porta copos personalizado. Porta copos em corti\u00e7a em formato quadrado com cantos redondos. Certifica\u00e7\u00e3o EU Food Grade. dimens\u00f5es: 100 x100x5mm<\/p>\n","protected":false},"featured_media":6381,"comment_status":"closed","ping_status":"closed","template":"","meta":[],"product_cat":[448,126],"product_tag":[2418,2420],"class_list":["post-6354","product","type-product","status-publish","has-post-thumbnail","hentry","product_cat-kit-vinho-bar-e-comemoracao","product_cat-linha-ecologica","product_tag-porta-copos-personalizado","product_tag-porta-copos-quadrado-personalizado"],"_links":{"self":[{"href":"https:\/\/vohnabrindes.com.br\/index.php\/wp-json\/wp\/v2\/product\/6354","targetHints":{"allow":["GET"]}}],"collection":[{"href":"https:\/\/vohnabrindes.com.br\/index.php\/wp-json\/wp\/v2\/product"}],"about":[{"href":"https:\/\/vohnabrindes.com.br\/index.php\/wp-json\/wp\/v2\/types\/product"}],"replies":[{"embeddable":true,"href":"https:\/\/vohnabrindes.com.br\/index.php\/wp-json\/wp\/v2\/comments?post=6354"}],"version-history":[{"count":1,"href":"https:\/\/vohnabrindes.com.br\/index.php\/wp-json\/wp\/v2\/product\/6354\/revisions"}],"predecessor-version":[{"id":6382,"href":"https:\/\/vohnabrindes.com.br\/index.php\/wp-json\/wp\/v2\/product\/6354\/revisions\/6382"}],"wp:featuredmedia":[{"embeddable":true,"href":"https:\/\/vohnabrindes.com.br\/index.php\/wp-json\/wp\/v2\/media\/6381"}],"wp:attachment":[{"href":"https:\/\/vohnabrindes.com.br\/index.php\/wp-json\/wp\/v2\/media?parent=6354"}],"wp:term":[{"taxonomy":"product_cat","embeddable":true,"href":"https:\/\/vohnabrindes.com.br\/index.php\/wp-json\/wp\/v2\/product_cat?post=6354"},{"taxonomy":"product_tag","embeddable":true,"href":"https:\/\/vohnabrindes.com.br\/index.php\/wp-json\/wp\/v2\/product_tag?post=6354"}],"curies":[{"name":"wp","href":"https:\/\/api.w.org\/{rel}","templated":true}]}}