{"id":6355,"date":"2025-09-26T14:11:38","date_gmt":"2025-09-26T17:11:38","guid":{"rendered":"https:\/\/vohnabrindes.com.br\/?post_type=product&#038;p=6355"},"modified":"2025-09-26T14:12:01","modified_gmt":"2025-09-26T17:12:01","slug":"caderno-estilo-moleskine-ecologico-personalizado","status":"publish","type":"product","link":"https:\/\/vohnabrindes.com.br\/index.php\/product\/caderno-estilo-moleskine-ecologico-personalizado\/","title":{"rendered":"Caderno estilo moleskine ecol\u00f3gico personalizado."},"content":{"rendered":"<div class=\"ref\">93622-COCOPAD.<\/div>\n<div><\/div>\n<div class=\"ref\">Caderno estilo moleskine personalizado.<\/div>\n<div class=\"ref\"><\/div>\n<div class=\"texto\">Caderno A5 de capa dura em casca de coco (60%) e peda\u00e7os de algod\u00e3o reciclado (40%).<\/div>\n<div class=\"texto\">Cont\u00e9m 160 p\u00e1ginas pautadas de papel 100% reciclado.<\/div>\n<div class=\"texto\">Um caderno que se distingue por dar uma segunda vida a materiais que podem ser reciclados.<\/div>\n<div class=\"texto\">dimens\u00f5es: 145 x 205 mm<\/div>\n","protected":false},"excerpt":{"rendered":"<p>93622-COCOPAD. Caderno estilo moleskine personalizado. Caderno A5 de capa dura em casca de coco (60%) e peda\u00e7os de algod\u00e3o reciclado (40%). Cont\u00e9m 160 p\u00e1ginas pautadas de<span class=\"excerpt-hellip\"> [\u2026]<\/span><\/p>\n","protected":false},"featured_media":6383,"comment_status":"closed","ping_status":"closed","template":"","meta":[],"product_cat":[146,152,126],"product_tag":[2421,1220,2422,2423,1026],"class_list":["post-6355","product","type-product","status-publish","has-post-thumbnail","hentry","product_cat-blocos-e-cadernetas","product_cat-lancamentos","product_cat-linha-ecologica","product_tag-caderneta-ecologica-personlizada","product_tag-caderno-ecologicamente-correto-personalizado","product_tag-caderno-estilo-moleskine-ecologico-personalizado","product_tag-caderno-estilo-moleskine-personalizado","product_tag-moleskine-ecologicamente-correto-personalizado"],"_links":{"self":[{"href":"https:\/\/vohnabrindes.com.br\/index.php\/wp-json\/wp\/v2\/product\/6355","targetHints":{"allow":["GET"]}}],"collection":[{"href":"https:\/\/vohnabrindes.com.br\/index.php\/wp-json\/wp\/v2\/product"}],"about":[{"href":"https:\/\/vohnabrindes.com.br\/index.php\/wp-json\/wp\/v2\/types\/product"}],"replies":[{"embeddable":true,"href":"https:\/\/vohnabrindes.com.br\/index.php\/wp-json\/wp\/v2\/comments?post=6355"}],"version-history":[{"count":1,"href":"https:\/\/vohnabrindes.com.br\/index.php\/wp-json\/wp\/v2\/product\/6355\/revisions"}],"predecessor-version":[{"id":6384,"href":"https:\/\/vohnabrindes.com.br\/index.php\/wp-json\/wp\/v2\/product\/6355\/revisions\/6384"}],"wp:featuredmedia":[{"embeddable":true,"href":"https:\/\/vohnabrindes.com.br\/index.php\/wp-json\/wp\/v2\/media\/6383"}],"wp:attachment":[{"href":"https:\/\/vohnabrindes.com.br\/index.php\/wp-json\/wp\/v2\/media?parent=6355"}],"wp:term":[{"taxonomy":"product_cat","embeddable":true,"href":"https:\/\/vohnabrindes.com.br\/index.php\/wp-json\/wp\/v2\/product_cat?post=6355"},{"taxonomy":"product_tag","embeddable":true,"href":"https:\/\/vohnabrindes.com.br\/index.php\/wp-json\/wp\/v2\/product_tag?post=6355"}],"curies":[{"name":"wp","href":"https:\/\/api.w.org\/{rel}","templated":true}]}}