{"id":6356,"date":"2025-09-26T14:11:38","date_gmt":"2025-09-26T17:11:38","guid":{"rendered":"https:\/\/vohnabrindes.com.br\/?post_type=product&#038;p=6356"},"modified":"2025-09-26T14:12:02","modified_gmt":"2025-09-26T17:12:02","slug":"baralho-personalizado","status":"publish","type":"product","link":"https:\/\/vohnabrindes.com.br\/index.php\/product\/baralho-personalizado\/","title":{"rendered":"Baralho personalizado."},"content":{"rendered":"<div class=\"ref\">98149-FISCHER.<\/div>\n<div class=\"ref\">Baralho personalizado.<\/div>\n<div class=\"texto\">Baralho com 54 cartas cl\u00e1ssicas em papel kraft, proveniente de gest\u00e3o florestal sustent\u00e1vel, ideal para compartilhar bons momentos com amigos e fam\u00edlia.<\/div>\n<div class=\"texto\">Fornecidas em caixa presente de papel kraft reciclado.<\/div>\n<div class=\"texto\">A cor e o resultado da impress\u00e3o nos materiais naturais pode variar entre produtos.<\/div>\n<div class=\"texto\">dimens\u00f5es: 60 x 90 x 20 mm<\/div>\n","protected":false},"excerpt":{"rendered":"<p>98149-FISCHER. Baralho personalizado. Baralho com 54 cartas cl\u00e1ssicas em papel kraft, proveniente de gest\u00e3o florestal sustent\u00e1vel, ideal para compartilhar bons momentos com amigos e fam\u00edlia. Fornecidas<span class=\"excerpt-hellip\"> [\u2026]<\/span><\/p>\n","protected":false},"featured_media":6385,"comment_status":"closed","ping_status":"closed","template":"","meta":[],"product_cat":[899],"product_tag":[2424],"class_list":["post-6356","product","type-product","status-publish","has-post-thumbnail","hentry","product_cat-diversos","product_tag-baralho-personalizado"],"_links":{"self":[{"href":"https:\/\/vohnabrindes.com.br\/index.php\/wp-json\/wp\/v2\/product\/6356","targetHints":{"allow":["GET"]}}],"collection":[{"href":"https:\/\/vohnabrindes.com.br\/index.php\/wp-json\/wp\/v2\/product"}],"about":[{"href":"https:\/\/vohnabrindes.com.br\/index.php\/wp-json\/wp\/v2\/types\/product"}],"replies":[{"embeddable":true,"href":"https:\/\/vohnabrindes.com.br\/index.php\/wp-json\/wp\/v2\/comments?post=6356"}],"version-history":[{"count":1,"href":"https:\/\/vohnabrindes.com.br\/index.php\/wp-json\/wp\/v2\/product\/6356\/revisions"}],"predecessor-version":[{"id":6386,"href":"https:\/\/vohnabrindes.com.br\/index.php\/wp-json\/wp\/v2\/product\/6356\/revisions\/6386"}],"wp:featuredmedia":[{"embeddable":true,"href":"https:\/\/vohnabrindes.com.br\/index.php\/wp-json\/wp\/v2\/media\/6385"}],"wp:attachment":[{"href":"https:\/\/vohnabrindes.com.br\/index.php\/wp-json\/wp\/v2\/media?parent=6356"}],"wp:term":[{"taxonomy":"product_cat","embeddable":true,"href":"https:\/\/vohnabrindes.com.br\/index.php\/wp-json\/wp\/v2\/product_cat?post=6356"},{"taxonomy":"product_tag","embeddable":true,"href":"https:\/\/vohnabrindes.com.br\/index.php\/wp-json\/wp\/v2\/product_tag?post=6356"}],"curies":[{"name":"wp","href":"https:\/\/api.w.org\/{rel}","templated":true}]}}