{"id":6405,"date":"2025-10-08T18:05:42","date_gmt":"2025-10-08T21:05:42","guid":{"rendered":"https:\/\/vohnabrindes.com.br\/?post_type=product&#038;p=6405"},"modified":"2025-10-08T18:05:43","modified_gmt":"2025-10-08T21:05:43","slug":"necessaire-pvc-impermeavel-personalizada-8","status":"publish","type":"product","link":"https:\/\/vohnabrindes.com.br\/index.php\/product\/necessaire-pvc-impermeavel-personalizada-8\/","title":{"rendered":"Necessaire PVC Imperme\u00e1vel personalizada."},"content":{"rendered":"<pre id=\"item_referencia\">18813<\/pre>\n<p class=\"produto-nome\">Necessaire PVC Imperme\u00e1vel personalizada.<\/p>\n<div class=\"caracs\">\n<div class=\"desc\">\n<p class=\"desc-tit\"><span class=\"desc-sub my-desc-sub\">N\u00e9cessaire de PVC e couro sint\u00e9tico imperme\u00e1vel em xadrez . Possui visor transparente e duas al\u00e7as laterais de m\u00e3o em nylon.<\/span><\/p>\n<\/div>\n<div class=\"desc\">\n<p class=\"desc-tit\">Altura<span class=\"desc-sub\">\u00a0:\u00a0 22 cm<\/span><\/p>\n<\/div>\n<div class=\"desc\">\n<p class=\"desc-tit\">Largura<span class=\"desc-sub\">\u00a0:\u00a0 29 cm<\/span><\/p>\n<\/div>\n<div class=\"desc\">\n<p class=\"desc-tit\">Profundidade<span class=\"desc-sub\">\u00a0:\u00a0 13 cm<\/span><\/p>\n<\/div>\n<div class=\"desc\">\n<p class=\"desc-tit\">Medidas aproximadas para grava\u00e7\u00e3o<span class=\"desc-sub\">\u00a0(CxL):\u00a0 6 cm x 24 cm<\/span><\/p>\n<\/div>\n<div class=\"desc\">\n<p class=\"desc-tit\">Peso aproximado<span class=\"desc-sub\">\u00a0(g):\u00a0 205<\/span><\/p>\n<\/div>\n<\/div>\n","protected":false},"excerpt":{"rendered":"<p>18813 Necessaire PVC Imperme\u00e1vel personalizada. N\u00e9cessaire de PVC e couro sint\u00e9tico imperme\u00e1vel em xadrez . Possui visor transparente e duas al\u00e7as laterais de m\u00e3o em nylon.<span class=\"excerpt-hellip\"> [\u2026]<\/span><\/p>\n","protected":false},"featured_media":2946,"comment_status":"open","ping_status":"closed","template":"","meta":[],"product_cat":[783],"product_tag":[786,789],"class_list":["post-6405","product","type-product","status-publish","has-post-thumbnail","hentry","product_cat-necessaires","product_tag-necessaire-personalizada","product_tag-necessaire-pvc-impermeavel-personalizada"],"_links":{"self":[{"href":"https:\/\/vohnabrindes.com.br\/index.php\/wp-json\/wp\/v2\/product\/6405","targetHints":{"allow":["GET"]}}],"collection":[{"href":"https:\/\/vohnabrindes.com.br\/index.php\/wp-json\/wp\/v2\/product"}],"about":[{"href":"https:\/\/vohnabrindes.com.br\/index.php\/wp-json\/wp\/v2\/types\/product"}],"replies":[{"embeddable":true,"href":"https:\/\/vohnabrindes.com.br\/index.php\/wp-json\/wp\/v2\/comments?post=6405"}],"version-history":[{"count":1,"href":"https:\/\/vohnabrindes.com.br\/index.php\/wp-json\/wp\/v2\/product\/6405\/revisions"}],"predecessor-version":[{"id":6406,"href":"https:\/\/vohnabrindes.com.br\/index.php\/wp-json\/wp\/v2\/product\/6405\/revisions\/6406"}],"wp:featuredmedia":[{"embeddable":true,"href":"https:\/\/vohnabrindes.com.br\/index.php\/wp-json\/wp\/v2\/media\/2946"}],"wp:attachment":[{"href":"https:\/\/vohnabrindes.com.br\/index.php\/wp-json\/wp\/v2\/media?parent=6405"}],"wp:term":[{"taxonomy":"product_cat","embeddable":true,"href":"https:\/\/vohnabrindes.com.br\/index.php\/wp-json\/wp\/v2\/product_cat?post=6405"},{"taxonomy":"product_tag","embeddable":true,"href":"https:\/\/vohnabrindes.com.br\/index.php\/wp-json\/wp\/v2\/product_tag?post=6405"}],"curies":[{"name":"wp","href":"https:\/\/api.w.org\/{rel}","templated":true}]}}