{"id":6410,"date":"2025-10-08T18:05:50","date_gmt":"2025-10-08T21:05:50","guid":{"rendered":"https:\/\/vohnabrindes.com.br\/?post_type=product&#038;p=6410"},"modified":"2025-10-08T18:05:55","modified_gmt":"2025-10-08T21:05:55","slug":"mini-caderno-de-anotacoes-com-caneta-personalizada","status":"publish","type":"product","link":"https:\/\/vohnabrindes.com.br\/index.php\/product\/mini-caderno-de-anotacoes-com-caneta-personalizada\/","title":{"rendered":"Mini Caderno de anota\u00e7\u00f5es com caneta personalizada."},"content":{"rendered":"<div class=\"sku\">\n<h6 class=\"products-main-title text-2xl uppercase\">BL048<\/h6>\n<\/div>\n<h6 class=\"title\">Mini Caderno de anota\u00e7\u00f5es com caneta personalizada.<\/h6>\n<div class=\"css-k5fl2u\">\n<div class=\"tab-aba\">\n<h3 class=\"tab-button\" data-tab=\"folder2\" data-link=\"link2\"><span style=\"font-size: 14px;\">Mini Caderno com capa em papel\u00e3o e encaderna\u00e7\u00e3o espiral wire-o, contendo folhas pautadas em 70g\/m\u00b2. Acompanha caneta confeccionada em papel\u00e3o reciclado com detalhe em pl\u00e1stico.<\/span><\/h3>\n<p><strong>Dimens\u00e3o Produto:<\/strong>14x9cm (Caderno)<\/p>\n<p><strong>Dimens\u00e3o Produto:<\/strong>8,3x\u00f81cm (Caneta)<\/p>\n<p><strong>Peso do Produto:<\/strong>0,84kg<\/p>\n<p><strong>Embalagem: <\/strong>Pl\u00e1stico<\/p>\n<\/div>\n<\/div>\n","protected":false},"excerpt":{"rendered":"<p>BL048 Mini Caderno de anota\u00e7\u00f5es com caneta personalizada. Mini Caderno com capa em papel\u00e3o e encaderna\u00e7\u00e3o espiral wire-o, contendo folhas pautadas em 70g\/m\u00b2. Acompanha caneta confeccionada<span class=\"excerpt-hellip\"> [\u2026]<\/span><\/p>\n","protected":false},"featured_media":6413,"comment_status":"closed","ping_status":"closed","template":"","meta":[],"product_cat":[146],"product_tag":[],"class_list":["post-6410","product","type-product","status-publish","has-post-thumbnail","hentry","product_cat-blocos-e-cadernetas"],"_links":{"self":[{"href":"https:\/\/vohnabrindes.com.br\/index.php\/wp-json\/wp\/v2\/product\/6410","targetHints":{"allow":["GET"]}}],"collection":[{"href":"https:\/\/vohnabrindes.com.br\/index.php\/wp-json\/wp\/v2\/product"}],"about":[{"href":"https:\/\/vohnabrindes.com.br\/index.php\/wp-json\/wp\/v2\/types\/product"}],"replies":[{"embeddable":true,"href":"https:\/\/vohnabrindes.com.br\/index.php\/wp-json\/wp\/v2\/comments?post=6410"}],"version-history":[{"count":1,"href":"https:\/\/vohnabrindes.com.br\/index.php\/wp-json\/wp\/v2\/product\/6410\/revisions"}],"predecessor-version":[{"id":6414,"href":"https:\/\/vohnabrindes.com.br\/index.php\/wp-json\/wp\/v2\/product\/6410\/revisions\/6414"}],"wp:featuredmedia":[{"embeddable":true,"href":"https:\/\/vohnabrindes.com.br\/index.php\/wp-json\/wp\/v2\/media\/6413"}],"wp:attachment":[{"href":"https:\/\/vohnabrindes.com.br\/index.php\/wp-json\/wp\/v2\/media?parent=6410"}],"wp:term":[{"taxonomy":"product_cat","embeddable":true,"href":"https:\/\/vohnabrindes.com.br\/index.php\/wp-json\/wp\/v2\/product_cat?post=6410"},{"taxonomy":"product_tag","embeddable":true,"href":"https:\/\/vohnabrindes.com.br\/index.php\/wp-json\/wp\/v2\/product_tag?post=6410"}],"curies":[{"name":"wp","href":"https:\/\/api.w.org\/{rel}","templated":true}]}}