{"id":6434,"date":"2025-11-04T11:53:13","date_gmt":"2025-11-04T14:53:13","guid":{"rendered":"https:\/\/vohnabrindes.com.br\/?post_type=product&#038;p=6434"},"modified":"2025-11-04T11:53:15","modified_gmt":"2025-11-04T14:53:15","slug":"sacola-couro-sintetico-personalizada","status":"publish","type":"product","link":"https:\/\/vohnabrindes.com.br\/index.php\/product\/sacola-couro-sintetico-personalizada\/","title":{"rendered":"Sacola Couro Sint\u00e9tico Personalizada."},"content":{"rendered":"<pre id=\"item_referencia\">09063<\/pre>\n<p class=\"produto-nome\">Sacola Couro Sint\u00e9tico Personalizada.<\/p>\n<div class=\"caracs\">\n<div class=\"desc\">\n<p class=\"desc-tit\">Descri\u00e7\u00e3o:\u00a0<span class=\"desc-sub my-desc-sub\">Sacola confeccionada em couro sint\u00e9tico \u00e0 base de PVC com par de al\u00e7as de costura externa e bot\u00f5es magn\u00e9ticos met\u00e1licos para fechamento. Possui revestimento interno em poli\u00e9ster e bolso compacto com fechamento em z\u00edper.<\/span><\/p>\n<\/div>\n<div class=\"desc\">\n<p class=\"desc-tit\">Altura<span class=\"desc-sub\">\u00a0:\u00a0 34 cm<\/span><\/p>\n<\/div>\n<div class=\"desc\">\n<p class=\"desc-tit\">Largura<span class=\"desc-sub\">\u00a0:\u00a0 44 cm<\/span><\/p>\n<\/div>\n<div class=\"desc\">\n<p class=\"desc-tit\">Profundidade<span class=\"desc-sub\">\u00a0:\u00a0 14 cm<\/span><\/p>\n<\/div>\n<div class=\"desc\">\n<p class=\"desc-tit\">Medidas aproximadas para grava\u00e7\u00e3o<span class=\"desc-sub\">\u00a0(CxL):\u00a0 28 cm x 38 cm<\/span><\/p>\n<\/div>\n<div class=\"desc\">\n<p class=\"desc-tit\">Peso aproximado<span class=\"desc-sub\">\u00a0(g):\u00a0 259<\/span><\/p>\n<\/div>\n<\/div>\n","protected":false},"excerpt":{"rendered":"<p>09063 Sacola Couro Sint\u00e9tico Personalizada. Descri\u00e7\u00e3o:\u00a0Sacola confeccionada em couro sint\u00e9tico \u00e0 base de PVC com par de al\u00e7as de costura externa e bot\u00f5es magn\u00e9ticos met\u00e1licos para<span class=\"excerpt-hellip\"> [\u2026]<\/span><\/p>\n","protected":false},"featured_media":6435,"comment_status":"closed","ping_status":"closed","template":"","meta":[],"product_cat":[210],"product_tag":[1200,2428,2429],"class_list":["post-6434","product","type-product","status-publish","has-post-thumbnail","hentry","product_cat-sacolas","product_tag-sacola-com-logo","product_tag-sacola-couro-sintetico-personalizada","product_tag-sacolas-personalizadas"],"_links":{"self":[{"href":"https:\/\/vohnabrindes.com.br\/index.php\/wp-json\/wp\/v2\/product\/6434","targetHints":{"allow":["GET"]}}],"collection":[{"href":"https:\/\/vohnabrindes.com.br\/index.php\/wp-json\/wp\/v2\/product"}],"about":[{"href":"https:\/\/vohnabrindes.com.br\/index.php\/wp-json\/wp\/v2\/types\/product"}],"replies":[{"embeddable":true,"href":"https:\/\/vohnabrindes.com.br\/index.php\/wp-json\/wp\/v2\/comments?post=6434"}],"version-history":[{"count":1,"href":"https:\/\/vohnabrindes.com.br\/index.php\/wp-json\/wp\/v2\/product\/6434\/revisions"}],"predecessor-version":[{"id":6436,"href":"https:\/\/vohnabrindes.com.br\/index.php\/wp-json\/wp\/v2\/product\/6434\/revisions\/6436"}],"wp:featuredmedia":[{"embeddable":true,"href":"https:\/\/vohnabrindes.com.br\/index.php\/wp-json\/wp\/v2\/media\/6435"}],"wp:attachment":[{"href":"https:\/\/vohnabrindes.com.br\/index.php\/wp-json\/wp\/v2\/media?parent=6434"}],"wp:term":[{"taxonomy":"product_cat","embeddable":true,"href":"https:\/\/vohnabrindes.com.br\/index.php\/wp-json\/wp\/v2\/product_cat?post=6434"},{"taxonomy":"product_tag","embeddable":true,"href":"https:\/\/vohnabrindes.com.br\/index.php\/wp-json\/wp\/v2\/product_tag?post=6434"}],"curies":[{"name":"wp","href":"https:\/\/api.w.org\/{rel}","templated":true}]}}