{"id":6437,"date":"2025-11-04T11:53:15","date_gmt":"2025-11-04T14:53:15","guid":{"rendered":"https:\/\/vohnabrindes.com.br\/?post_type=product&#038;p=6437"},"modified":"2025-11-04T11:53:17","modified_gmt":"2025-11-04T14:53:17","slug":"almofada-de-pescoco-personalizada","status":"publish","type":"product","link":"https:\/\/vohnabrindes.com.br\/index.php\/product\/almofada-de-pescoco-personalizada\/","title":{"rendered":"Almofada de Pesco\u00e7o Personalizada."},"content":{"rendered":"<pre id=\"item_referencia\">09184<\/pre>\n<p class=\"produto-nome\">Almofada de Pesco\u00e7o Personalizada.<\/p>\n<div class=\"caracs\">\n<div class=\"desc\">\n<p class=\"desc-tit\">Descri\u00e7\u00e3o:\u00a0<span class=\"desc-sub my-desc-sub\">Almofada de pesco\u00e7o com design anat\u00f4mico, enchimento em espuma visco el\u00e1stica macia em poliuretano e capa em poli\u00e9ster. Possui al\u00e7as ajust\u00e1veis em nylon e fechamento com engate pl\u00e1stico.<\/span><\/p>\n<\/div>\n<div class=\"desc\">\n<p class=\"desc-tit\">Altura<span class=\"desc-sub\">\u00a0:\u00a0 9,5 cm<\/span><\/p>\n<\/div>\n<div class=\"desc\">\n<p class=\"desc-tit\">Largura<span class=\"desc-sub\">\u00a0:\u00a0 21 cm<\/span><\/p>\n<\/div>\n<div class=\"desc\">\n<p class=\"desc-tit\">Comprimento<span class=\"desc-sub\">\u00a0:\u00a0 21 cm<\/span><\/p>\n<\/div>\n<div class=\"desc\">\n<p class=\"desc-tit\">Medidas aproximadas para grava\u00e7\u00e3o<span class=\"desc-sub\">\u00a0(CxL):\u00a0 7 cm x 15 cm<\/span><\/p>\n<\/div>\n<div class=\"desc\">\n<p class=\"desc-tit\">Peso aproximado<span class=\"desc-sub\">\u00a0(g):\u00a0 224<\/span><\/p>\n<\/div>\n<\/div>\n","protected":false},"excerpt":{"rendered":"<p>09184 Almofada de Pesco\u00e7o Personalizada. Descri\u00e7\u00e3o:\u00a0Almofada de pesco\u00e7o com design anat\u00f4mico, enchimento em espuma visco el\u00e1stica macia em poliuretano e capa em poli\u00e9ster. Possui al\u00e7as ajust\u00e1veis<span class=\"excerpt-hellip\"> [\u2026]<\/span><\/p>\n","protected":false},"featured_media":6441,"comment_status":"closed","ping_status":"closed","template":"","meta":[],"product_cat":[177],"product_tag":[2430,1320],"class_list":["post-6437","product","type-product","status-publish","has-post-thumbnail","hentry","product_cat-linha-travel","product_tag-almofada-de-pescoco-personalizada","product_tag-kit-viagem-personalizado"],"_links":{"self":[{"href":"https:\/\/vohnabrindes.com.br\/index.php\/wp-json\/wp\/v2\/product\/6437","targetHints":{"allow":["GET"]}}],"collection":[{"href":"https:\/\/vohnabrindes.com.br\/index.php\/wp-json\/wp\/v2\/product"}],"about":[{"href":"https:\/\/vohnabrindes.com.br\/index.php\/wp-json\/wp\/v2\/types\/product"}],"replies":[{"embeddable":true,"href":"https:\/\/vohnabrindes.com.br\/index.php\/wp-json\/wp\/v2\/comments?post=6437"}],"version-history":[{"count":1,"href":"https:\/\/vohnabrindes.com.br\/index.php\/wp-json\/wp\/v2\/product\/6437\/revisions"}],"predecessor-version":[{"id":6442,"href":"https:\/\/vohnabrindes.com.br\/index.php\/wp-json\/wp\/v2\/product\/6437\/revisions\/6442"}],"wp:featuredmedia":[{"embeddable":true,"href":"https:\/\/vohnabrindes.com.br\/index.php\/wp-json\/wp\/v2\/media\/6441"}],"wp:attachment":[{"href":"https:\/\/vohnabrindes.com.br\/index.php\/wp-json\/wp\/v2\/media?parent=6437"}],"wp:term":[{"taxonomy":"product_cat","embeddable":true,"href":"https:\/\/vohnabrindes.com.br\/index.php\/wp-json\/wp\/v2\/product_cat?post=6437"},{"taxonomy":"product_tag","embeddable":true,"href":"https:\/\/vohnabrindes.com.br\/index.php\/wp-json\/wp\/v2\/product_tag?post=6437"}],"curies":[{"name":"wp","href":"https:\/\/api.w.org\/{rel}","templated":true}]}}