{"id":6462,"date":"2025-12-29T14:30:30","date_gmt":"2025-12-29T17:30:30","guid":{"rendered":"https:\/\/vohnabrindes.com.br\/?post_type=product&#038;p=6462"},"modified":"2025-12-29T14:30:58","modified_gmt":"2025-12-29T17:30:58","slug":"necessaire-couro-sintetico-personalizada","status":"publish","type":"product","link":"https:\/\/vohnabrindes.com.br\/index.php\/product\/necessaire-couro-sintetico-personalizada\/","title":{"rendered":"N\u00e9cessaire Couro Sint\u00e9tico personalizada."},"content":{"rendered":"<pre id=\"item_referencia\">19021<\/pre>\n<p class=\"produto-nome\">N\u00e9cessaire Couro Sint\u00e9tico personalizada.<\/p>\n<div class=\"caracs\">\n<div class=\"desc\">\n<p class=\"desc-tit\">Descri\u00e7\u00e3o:\u00a0<span class=\"desc-sub my-desc-sub\">N\u00e9cessaire confeccionada em couro sint\u00e9tico imperme\u00e1vel. Possui al\u00e7a lateral de m\u00e3o e dois compartimentos: o principal, na parte superior, e outro na parte inferior, ambos com fechamento em z\u00edper.<\/span><\/p>\n<\/div>\n<div class=\"desc\">\n<p class=\"desc-tit\">Altura<span class=\"desc-sub\">\u00a0:\u00a0 13,5 cm<\/span><\/p>\n<\/div>\n<div class=\"desc\">\n<p class=\"desc-tit\">Largura<span class=\"desc-sub\">\u00a0:\u00a0 17 cm<\/span><\/p>\n<\/div>\n<div class=\"desc\">\n<p class=\"desc-tit\">Profundidade<span class=\"desc-sub\">\u00a0:\u00a0 14 cm<\/span><\/p>\n<\/div>\n<div class=\"desc\">\n<p class=\"desc-tit\">Medidas aproximadas para grava\u00e7\u00e3o<span class=\"desc-sub\">\u00a0(CxL):\u00a0 6,5 cm x 20 cm<\/span><\/p>\n<\/div>\n<div class=\"desc\">\n<p class=\"desc-tit\">Peso aproximado<span class=\"desc-sub\">\u00a0(g):\u00a0 237<\/span><\/p>\n<\/div>\n<\/div>\n","protected":false},"excerpt":{"rendered":"<p>19021 N\u00e9cessaire Couro Sint\u00e9tico personalizada. Descri\u00e7\u00e3o:\u00a0N\u00e9cessaire confeccionada em couro sint\u00e9tico imperme\u00e1vel. Possui al\u00e7a lateral de m\u00e3o e dois compartimentos: o principal, na parte superior, e outro<span class=\"excerpt-hellip\"> [\u2026]<\/span><\/p>\n","protected":false},"featured_media":6492,"comment_status":"closed","ping_status":"closed","template":"","meta":[],"product_cat":[783],"product_tag":[2441,786,2442],"class_list":["post-6462","product","type-product","status-publish","has-post-thumbnail","hentry","product_cat-necessaires","product_tag-necessaire-couro-sintetico-personalizada","product_tag-necessaire-personalizada","product_tag-necessaire-sintetico-personalizada"],"_links":{"self":[{"href":"https:\/\/vohnabrindes.com.br\/index.php\/wp-json\/wp\/v2\/product\/6462","targetHints":{"allow":["GET"]}}],"collection":[{"href":"https:\/\/vohnabrindes.com.br\/index.php\/wp-json\/wp\/v2\/product"}],"about":[{"href":"https:\/\/vohnabrindes.com.br\/index.php\/wp-json\/wp\/v2\/types\/product"}],"replies":[{"embeddable":true,"href":"https:\/\/vohnabrindes.com.br\/index.php\/wp-json\/wp\/v2\/comments?post=6462"}],"version-history":[{"count":1,"href":"https:\/\/vohnabrindes.com.br\/index.php\/wp-json\/wp\/v2\/product\/6462\/revisions"}],"predecessor-version":[{"id":6493,"href":"https:\/\/vohnabrindes.com.br\/index.php\/wp-json\/wp\/v2\/product\/6462\/revisions\/6493"}],"wp:featuredmedia":[{"embeddable":true,"href":"https:\/\/vohnabrindes.com.br\/index.php\/wp-json\/wp\/v2\/media\/6492"}],"wp:attachment":[{"href":"https:\/\/vohnabrindes.com.br\/index.php\/wp-json\/wp\/v2\/media?parent=6462"}],"wp:term":[{"taxonomy":"product_cat","embeddable":true,"href":"https:\/\/vohnabrindes.com.br\/index.php\/wp-json\/wp\/v2\/product_cat?post=6462"},{"taxonomy":"product_tag","embeddable":true,"href":"https:\/\/vohnabrindes.com.br\/index.php\/wp-json\/wp\/v2\/product_tag?post=6462"}],"curies":[{"name":"wp","href":"https:\/\/api.w.org\/{rel}","templated":true}]}}