{"id":6464,"date":"2025-12-29T14:30:30","date_gmt":"2025-12-29T17:30:30","guid":{"rendered":"https:\/\/vohnabrindes.com.br\/?post_type=product&#038;p=6464"},"modified":"2025-12-29T14:31:01","modified_gmt":"2025-12-29T17:31:01","slug":"guarda-chuva-2-em-1-reciclado-personalizado","status":"publish","type":"product","link":"https:\/\/vohnabrindes.com.br\/index.php\/product\/guarda-chuva-2-em-1-reciclado-personalizado\/","title":{"rendered":"Guarda-chuva 2 em 1 reciclado  personalizado."},"content":{"rendered":"<div class=\"ref\">99094-SKYLAR.<\/div>\n<div><\/div>\n<div class=\"ref\">Guarda-chuva 2 em 1 com sacola de compras em poli\u00e9ster reciclado inclu\u00eddo personalizado.<\/div>\n<div><\/div>\n<div class=\"texto\">Guarda-chuva 2 em 1 com sacola de compras em poli\u00e9ster reciclado incluso. Guarda-chuva de 21&#8221; em poli\u00e9ster 100% reciclado pongee 190T, com pega em ABS 35% reciclado, varetas em fibra de vidro e haste met\u00e1lica. O guarda-chuva dobr\u00e1vel em 3 se\u00e7\u00f5es, tem abertura autom\u00e1tica e \u00e9 \u00e0 prova de vento. Sacola de compras em poli\u00e9ster reciclado, onde pode ser guardado para transporte ou utilizado separadamente.<\/div>\n<div class=\"texto\">\u00d8970 x 290 mm | Sacola: 420 x 390 mm<\/div>\n","protected":false},"excerpt":{"rendered":"<p>99094-SKYLAR. Guarda-chuva 2 em 1 com sacola de compras em poli\u00e9ster reciclado inclu\u00eddo personalizado. Guarda-chuva 2 em 1 com sacola de compras em poli\u00e9ster reciclado incluso.<span class=\"excerpt-hellip\"> [\u2026]<\/span><\/p>\n","protected":false},"featured_media":6496,"comment_status":"closed","ping_status":"closed","template":"","meta":[],"product_cat":[510],"product_tag":[814,2444],"class_list":["post-6464","product","type-product","status-publish","has-post-thumbnail","hentry","product_cat-linha-sol-e-chuva","product_tag-guarda-chuva-personalizado","product_tag-guarda-chuva-2-em-1-com-sacola-de-compras-em-poliester-reciclado-incluido-personalizado"],"_links":{"self":[{"href":"https:\/\/vohnabrindes.com.br\/index.php\/wp-json\/wp\/v2\/product\/6464","targetHints":{"allow":["GET"]}}],"collection":[{"href":"https:\/\/vohnabrindes.com.br\/index.php\/wp-json\/wp\/v2\/product"}],"about":[{"href":"https:\/\/vohnabrindes.com.br\/index.php\/wp-json\/wp\/v2\/types\/product"}],"replies":[{"embeddable":true,"href":"https:\/\/vohnabrindes.com.br\/index.php\/wp-json\/wp\/v2\/comments?post=6464"}],"version-history":[{"count":1,"href":"https:\/\/vohnabrindes.com.br\/index.php\/wp-json\/wp\/v2\/product\/6464\/revisions"}],"predecessor-version":[{"id":6497,"href":"https:\/\/vohnabrindes.com.br\/index.php\/wp-json\/wp\/v2\/product\/6464\/revisions\/6497"}],"wp:featuredmedia":[{"embeddable":true,"href":"https:\/\/vohnabrindes.com.br\/index.php\/wp-json\/wp\/v2\/media\/6496"}],"wp:attachment":[{"href":"https:\/\/vohnabrindes.com.br\/index.php\/wp-json\/wp\/v2\/media?parent=6464"}],"wp:term":[{"taxonomy":"product_cat","embeddable":true,"href":"https:\/\/vohnabrindes.com.br\/index.php\/wp-json\/wp\/v2\/product_cat?post=6464"},{"taxonomy":"product_tag","embeddable":true,"href":"https:\/\/vohnabrindes.com.br\/index.php\/wp-json\/wp\/v2\/product_tag?post=6464"}],"curies":[{"name":"wp","href":"https:\/\/api.w.org\/{rel}","templated":true}]}}