{"id":6468,"date":"2025-12-29T14:30:30","date_gmt":"2025-12-29T17:30:30","guid":{"rendered":"https:\/\/vohnabrindes.com.br\/?post_type=product&#038;p=6468"},"modified":"2025-12-29T14:31:07","modified_gmt":"2025-12-29T17:31:07","slug":"kit-escritorio-caderno-garrafa-e-caneta-metalica-personalizado","status":"publish","type":"product","link":"https:\/\/vohnabrindes.com.br\/index.php\/product\/kit-escritorio-caderno-garrafa-e-caneta-metalica-personalizado\/","title":{"rendered":"Kit escrit\u00f3rio Caderno, Garrafa e Caneta Met\u00e1lica personalizado."},"content":{"rendered":"<div class=\"sku\">\n<pre class=\"products-main-title text-2xl uppercase\">CJ300<\/pre>\n<\/div>\n<pre class=\"title\">Kit escrit\u00f3rio Caderno, Garrafa e Caneta Met\u00e1lica personalizado.\r\n\r\nConjunto composto por caderno em material RPET com fechamento magn\u00e9tico,\r\ncom 100 p\u00e1ginas, caneta modelo twist com detalhe em tecido RPET preto \r\ne garrafa de parede dupla em inox (304 interno e 201 externo), com \r\ncapacidade de 550ml. Acompanha caixa presente\u00e1vel.\r\n\r\n<\/pre>\n<ul>\n<li><strong>Peso do Produto:<\/strong>0,256kg (Caderno)<\/li>\n<li><strong>Peso do Produto:<\/strong>0,277kg (Garrafa)<\/li>\n<li><strong>Peso do Produto:<\/strong>0,019kg (Caneta)<\/li>\n<li><strong>Peso do Produto:<\/strong>0,491kg (Caixa)<\/li>\n<li><strong>Dimens\u00e3o do Produto:<\/strong>23,5&#215;7,1cm (Garrafa)<\/li>\n<li><strong>Dimens\u00e3o do Produto:<\/strong>21&#215;14,5cm (Caderno)<\/li>\n<\/ul>\n<ul>\n<li><strong>Dimens\u00e3o do Produto:<\/strong>7,6x30x24,7cm (Estojo presente\u00e1vel)<\/li>\n<\/ul>\n","protected":false},"excerpt":{"rendered":"<p>CJ300 Kit escrit\u00f3rio Caderno, Garrafa e Caneta Met\u00e1lica personalizado. Conjunto composto por caderno em material RPET com fechamento magn\u00e9tico, com 100 p\u00e1ginas, caneta modelo twist com<span class=\"excerpt-hellip\"> [\u2026]<\/span><\/p>\n","protected":false},"featured_media":6504,"comment_status":"closed","ping_status":"closed","template":"","meta":[],"product_cat":[165,152],"product_tag":[2449,2450,2451,1251,1252],"class_list":["post-6468","product","type-product","status-publish","has-post-thumbnail","hentry","product_cat-escritorio-e-conjuntos-executivos","product_cat-lancamentos","product_tag-conjunto-executivo-personalizado","product_tag-garrafa-e-caneta-metalica-personalizado","product_tag-kit-escritorio-caderno","product_tag-kit-onboarding","product_tag-kit-onboarding-personalizado"],"_links":{"self":[{"href":"https:\/\/vohnabrindes.com.br\/index.php\/wp-json\/wp\/v2\/product\/6468","targetHints":{"allow":["GET"]}}],"collection":[{"href":"https:\/\/vohnabrindes.com.br\/index.php\/wp-json\/wp\/v2\/product"}],"about":[{"href":"https:\/\/vohnabrindes.com.br\/index.php\/wp-json\/wp\/v2\/types\/product"}],"replies":[{"embeddable":true,"href":"https:\/\/vohnabrindes.com.br\/index.php\/wp-json\/wp\/v2\/comments?post=6468"}],"version-history":[{"count":1,"href":"https:\/\/vohnabrindes.com.br\/index.php\/wp-json\/wp\/v2\/product\/6468\/revisions"}],"predecessor-version":[{"id":6505,"href":"https:\/\/vohnabrindes.com.br\/index.php\/wp-json\/wp\/v2\/product\/6468\/revisions\/6505"}],"wp:featuredmedia":[{"embeddable":true,"href":"https:\/\/vohnabrindes.com.br\/index.php\/wp-json\/wp\/v2\/media\/6504"}],"wp:attachment":[{"href":"https:\/\/vohnabrindes.com.br\/index.php\/wp-json\/wp\/v2\/media?parent=6468"}],"wp:term":[{"taxonomy":"product_cat","embeddable":true,"href":"https:\/\/vohnabrindes.com.br\/index.php\/wp-json\/wp\/v2\/product_cat?post=6468"},{"taxonomy":"product_tag","embeddable":true,"href":"https:\/\/vohnabrindes.com.br\/index.php\/wp-json\/wp\/v2\/product_tag?post=6468"}],"curies":[{"name":"wp","href":"https:\/\/api.w.org\/{rel}","templated":true}]}}