{"id":6476,"date":"2025-12-29T14:30:31","date_gmt":"2025-12-29T17:30:31","guid":{"rendered":"https:\/\/vohnabrindes.com.br\/?post_type=product&#038;p=6476"},"modified":"2025-12-29T14:31:19","modified_gmt":"2025-12-29T17:31:19","slug":"copo-personalizado","status":"publish","type":"product","link":"https:\/\/vohnabrindes.com.br\/index.php\/product\/copo-personalizado\/","title":{"rendered":"Copo personalizado."},"content":{"rendered":"<p>Copo de 350 ml com parede dupla, interior em inox 304 e exterior em pl\u00e1stico PP, tampa em pl\u00e1stico PP, al\u00e7a de m\u00e3o e acabamento com pintura fosca.<\/p>\n<pre class=\"products-main-title text-2xl uppercase\">CO9550<\/pre>\n<p><strong>Peso do Produto:<\/strong>0,197kg<\/p>\n<p><strong>Dimens\u00e3o do Produto:<\/strong>14,5x\u00f89,5cm<\/p>\n<p><strong>Embalagem: <\/strong>Caixa Branca e pl\u00e1stico<\/p>\n","protected":false},"excerpt":{"rendered":"<p>Copo de 350 ml com parede dupla, interior em inox 304 e exterior em pl\u00e1stico PP, tampa em pl\u00e1stico PP, al\u00e7a de m\u00e3o e acabamento com<span class=\"excerpt-hellip\"> [\u2026]<\/span><\/p>\n","protected":false},"featured_media":6524,"comment_status":"closed","ping_status":"closed","template":"","meta":[],"product_cat":[135],"product_tag":[332,2460],"class_list":["post-6476","product","type-product","status-publish","has-post-thumbnail","hentry","product_cat-canecas-e-copos","product_tag-copo-personalizado","product_tag-copo-viagem-personalizado"],"_links":{"self":[{"href":"https:\/\/vohnabrindes.com.br\/index.php\/wp-json\/wp\/v2\/product\/6476","targetHints":{"allow":["GET"]}}],"collection":[{"href":"https:\/\/vohnabrindes.com.br\/index.php\/wp-json\/wp\/v2\/product"}],"about":[{"href":"https:\/\/vohnabrindes.com.br\/index.php\/wp-json\/wp\/v2\/types\/product"}],"replies":[{"embeddable":true,"href":"https:\/\/vohnabrindes.com.br\/index.php\/wp-json\/wp\/v2\/comments?post=6476"}],"version-history":[{"count":1,"href":"https:\/\/vohnabrindes.com.br\/index.php\/wp-json\/wp\/v2\/product\/6476\/revisions"}],"predecessor-version":[{"id":6525,"href":"https:\/\/vohnabrindes.com.br\/index.php\/wp-json\/wp\/v2\/product\/6476\/revisions\/6525"}],"wp:featuredmedia":[{"embeddable":true,"href":"https:\/\/vohnabrindes.com.br\/index.php\/wp-json\/wp\/v2\/media\/6524"}],"wp:attachment":[{"href":"https:\/\/vohnabrindes.com.br\/index.php\/wp-json\/wp\/v2\/media?parent=6476"}],"wp:term":[{"taxonomy":"product_cat","embeddable":true,"href":"https:\/\/vohnabrindes.com.br\/index.php\/wp-json\/wp\/v2\/product_cat?post=6476"},{"taxonomy":"product_tag","embeddable":true,"href":"https:\/\/vohnabrindes.com.br\/index.php\/wp-json\/wp\/v2\/product_tag?post=6476"}],"curies":[{"name":"wp","href":"https:\/\/api.w.org\/{rel}","templated":true}]}}