{"id":6477,"date":"2025-12-29T14:30:31","date_gmt":"2025-12-29T17:30:31","guid":{"rendered":"https:\/\/vohnabrindes.com.br\/?post_type=product&#038;p=6477"},"modified":"2025-12-29T14:31:21","modified_gmt":"2025-12-29T17:31:21","slug":"caneta-marca-texto-multifuncoes-personalizada","status":"publish","type":"product","link":"https:\/\/vohnabrindes.com.br\/index.php\/product\/caneta-marca-texto-multifuncoes-personalizada\/","title":{"rendered":"Caneta Marca-Texto Multifun\u00e7\u00f5es Personalizada."},"content":{"rendered":"<pre id=\"item_referencia\">09169<\/pre>\n<p class=\"produto-nome\">Caneta Marca-Texto Multifun\u00e7\u00f5es Personalizada.<\/p>\n<div class=\"caracs\">\n<div class=\"desc\">\n<p class=\"desc-tit\"><span class=\"desc-sub my-desc-sub\">Caneta pl\u00e1stica marca-texto de ponta chanfrada com tampa protetora. Conta com uma r\u00e9gua de 9 cent\u00edmetros e abridor de garrafas integrados ao corpo da caneta, al\u00e9m de uma caneta menor, destac\u00e1vel da estrutura principal, com ponteira emborrachada para intera\u00e7\u00e3o com telas sens\u00edveis ao toque e carga esferogr\u00e1fica azul de 1.0mm<\/span><\/p>\n<\/div>\n<div class=\"desc\">\n<p class=\"desc-tit\">Largura<span class=\"desc-sub\">\u00a0:\u00a0 1,9 cm<\/span><\/p>\n<\/div>\n<div class=\"desc\">\n<p class=\"desc-tit\">Espessura<span class=\"desc-sub\">\u00a0:\u00a0 2,1 cm<\/span><\/p>\n<\/div>\n<div class=\"desc\">\n<p class=\"desc-tit\">Comprimento<span class=\"desc-sub\">\u00a0:\u00a0 15,9 cm<\/span><\/p>\n<\/div>\n<div class=\"desc\">\n<p class=\"desc-tit\">Medidas aproximadas para grava\u00e7\u00e3o<span class=\"desc-sub\">\u00a0(CxL):\u00a0 0,5 cm x 11 cm<\/span><\/p>\n<\/div>\n<div class=\"desc\">\n<p class=\"desc-tit\">Peso aproximado<span class=\"desc-sub\">\u00a0(g):\u00a0 15<\/span><\/p>\n<\/div>\n<\/div>\n","protected":false},"excerpt":{"rendered":"<p>09169 Caneta Marca-Texto Multifun\u00e7\u00f5es Personalizada. Caneta pl\u00e1stica marca-texto de ponta chanfrada com tampa protetora. Conta com uma r\u00e9gua de 9 cent\u00edmetros e abridor de garrafas integrados<span class=\"excerpt-hellip\"> [\u2026]<\/span><\/p>\n","protected":false},"featured_media":6526,"comment_status":"closed","ping_status":"closed","template":"","meta":[],"product_cat":[636],"product_tag":[648,2461],"class_list":["post-6477","product","type-product","status-publish","has-post-thumbnail","hentry","product_cat-caneta-marca-texto","product_tag-caneta-marca-texto-personalizada","product_tag-caneta-marca-texto-multifuncoes-personalizada"],"_links":{"self":[{"href":"https:\/\/vohnabrindes.com.br\/index.php\/wp-json\/wp\/v2\/product\/6477","targetHints":{"allow":["GET"]}}],"collection":[{"href":"https:\/\/vohnabrindes.com.br\/index.php\/wp-json\/wp\/v2\/product"}],"about":[{"href":"https:\/\/vohnabrindes.com.br\/index.php\/wp-json\/wp\/v2\/types\/product"}],"replies":[{"embeddable":true,"href":"https:\/\/vohnabrindes.com.br\/index.php\/wp-json\/wp\/v2\/comments?post=6477"}],"version-history":[{"count":1,"href":"https:\/\/vohnabrindes.com.br\/index.php\/wp-json\/wp\/v2\/product\/6477\/revisions"}],"predecessor-version":[{"id":6527,"href":"https:\/\/vohnabrindes.com.br\/index.php\/wp-json\/wp\/v2\/product\/6477\/revisions\/6527"}],"wp:featuredmedia":[{"embeddable":true,"href":"https:\/\/vohnabrindes.com.br\/index.php\/wp-json\/wp\/v2\/media\/6526"}],"wp:attachment":[{"href":"https:\/\/vohnabrindes.com.br\/index.php\/wp-json\/wp\/v2\/media?parent=6477"}],"wp:term":[{"taxonomy":"product_cat","embeddable":true,"href":"https:\/\/vohnabrindes.com.br\/index.php\/wp-json\/wp\/v2\/product_cat?post=6477"},{"taxonomy":"product_tag","embeddable":true,"href":"https:\/\/vohnabrindes.com.br\/index.php\/wp-json\/wp\/v2\/product_tag?post=6477"}],"curies":[{"name":"wp","href":"https:\/\/api.w.org\/{rel}","templated":true}]}}