{"id":6479,"date":"2025-12-29T14:30:31","date_gmt":"2025-12-29T17:30:31","guid":{"rendered":"https:\/\/vohnabrindes.com.br\/?post_type=product&#038;p=6479"},"modified":"2025-12-29T14:31:23","modified_gmt":"2025-12-29T17:31:23","slug":"necessaire-poliuretano-personalizada","status":"publish","type":"product","link":"https:\/\/vohnabrindes.com.br\/index.php\/product\/necessaire-poliuretano-personalizada\/","title":{"rendered":"N\u00e9cessaire Poliuretano Personalizada."},"content":{"rendered":"<pre id=\"item_referencia\">19040<\/pre>\n<p class=\"produto-nome\">N\u00e9cessaire Poliuretano Personalizada.<\/p>\n<div class=\"caracs\">\n<div class=\"desc\">\n<p class=\"desc-tit\">Descri\u00e7\u00e3o:\u00a0<span class=\"desc-sub my-desc-sub\">N\u00e9cessaire confeccionada em filme sint\u00e9tico de poliuretano imperme\u00e1vel. Possui dois bolsos no compartimento interno principal, sendo um com fechamento em z\u00edper e outro em tela de nylon. Disp\u00f5e ainda de compartimento frontal com viseira e revestimento interno em PVC, ideal para guardar itens molhados.<\/span><\/p>\n<\/div>\n<div class=\"desc\">\n<p class=\"desc-tit\">Altura<span class=\"desc-sub\">\u00a0:\u00a0 16 cm<\/span><\/p>\n<\/div>\n<div class=\"desc\">\n<p class=\"desc-tit\">Largura<span class=\"desc-sub\">\u00a0:\u00a0 25 cm<\/span><\/p>\n<\/div>\n<div class=\"desc\">\n<p class=\"desc-tit\">Profundidade<span class=\"desc-sub\">\u00a0:\u00a0 10 cm<\/span><\/p>\n<\/div>\n<div class=\"desc\">\n<p class=\"desc-tit\">Medidas aproximadas para grava\u00e7\u00e3o<span class=\"desc-sub\">\u00a0(CxL):\u00a0 9 cm x 23 cm<\/span><\/p>\n<\/div>\n<div class=\"desc\">\n<p class=\"desc-tit\">Peso aproximado<span class=\"desc-sub\">\u00a0(g):\u00a0 229<\/span><\/p>\n<\/div>\n<\/div>\n","protected":false},"excerpt":{"rendered":"<p>19040 N\u00e9cessaire Poliuretano Personalizada. Descri\u00e7\u00e3o:\u00a0N\u00e9cessaire confeccionada em filme sint\u00e9tico de poliuretano imperme\u00e1vel. Possui dois bolsos no compartimento interno principal, sendo um com fechamento em z\u00edper e<span class=\"excerpt-hellip\"> [\u2026]<\/span><\/p>\n","protected":false},"featured_media":6530,"comment_status":"closed","ping_status":"closed","template":"","meta":[],"product_cat":[783],"product_tag":[786,2462],"class_list":["post-6479","product","type-product","status-publish","has-post-thumbnail","hentry","product_cat-necessaires","product_tag-necessaire-personalizada","product_tag-necessaire-poliuretano-personalizada"],"_links":{"self":[{"href":"https:\/\/vohnabrindes.com.br\/index.php\/wp-json\/wp\/v2\/product\/6479","targetHints":{"allow":["GET"]}}],"collection":[{"href":"https:\/\/vohnabrindes.com.br\/index.php\/wp-json\/wp\/v2\/product"}],"about":[{"href":"https:\/\/vohnabrindes.com.br\/index.php\/wp-json\/wp\/v2\/types\/product"}],"replies":[{"embeddable":true,"href":"https:\/\/vohnabrindes.com.br\/index.php\/wp-json\/wp\/v2\/comments?post=6479"}],"version-history":[{"count":1,"href":"https:\/\/vohnabrindes.com.br\/index.php\/wp-json\/wp\/v2\/product\/6479\/revisions"}],"predecessor-version":[{"id":6531,"href":"https:\/\/vohnabrindes.com.br\/index.php\/wp-json\/wp\/v2\/product\/6479\/revisions\/6531"}],"wp:featuredmedia":[{"embeddable":true,"href":"https:\/\/vohnabrindes.com.br\/index.php\/wp-json\/wp\/v2\/media\/6530"}],"wp:attachment":[{"href":"https:\/\/vohnabrindes.com.br\/index.php\/wp-json\/wp\/v2\/media?parent=6479"}],"wp:term":[{"taxonomy":"product_cat","embeddable":true,"href":"https:\/\/vohnabrindes.com.br\/index.php\/wp-json\/wp\/v2\/product_cat?post=6479"},{"taxonomy":"product_tag","embeddable":true,"href":"https:\/\/vohnabrindes.com.br\/index.php\/wp-json\/wp\/v2\/product_tag?post=6479"}],"curies":[{"name":"wp","href":"https:\/\/api.w.org\/{rel}","templated":true}]}}