{"id":6480,"date":"2025-12-29T14:30:31","date_gmt":"2025-12-29T17:30:31","guid":{"rendered":"https:\/\/vohnabrindes.com.br\/?post_type=product&#038;p=6480"},"modified":"2025-12-29T14:31:25","modified_gmt":"2025-12-29T17:31:25","slug":"jogo-de-domino-personalizado","status":"publish","type":"product","link":"https:\/\/vohnabrindes.com.br\/index.php\/product\/jogo-de-domino-personalizado\/","title":{"rendered":"Jogo de Domin\u00f3 Personalizado."},"content":{"rendered":"<pre id=\"item_referencia\">19053<\/pre>\n<p class=\"produto-nome\">Jogo de Domin\u00f3 Personalizado.<\/p>\n<div class=\"caracs\">\n<div class=\"desc\">\n<p class=\"desc-tit\">Descri\u00e7\u00e3o:\u00a0<span class=\"desc-sub my-desc-sub\">Jogo de domin\u00f3 com 28 pe\u00e7as com detalhes em relevo. Acompanha estojo pl\u00e1stico com travas de fechamento.<\/span><\/p>\n<\/div>\n<div class=\"desc\">\n<p class=\"desc-tit\">Altura<span class=\"desc-sub\">\u00a0:\u00a0 2,5 cm<\/span><\/p>\n<\/div>\n<div class=\"desc\">\n<p class=\"desc-tit\">Largura<span class=\"desc-sub\">\u00a0:\u00a0 17,6 cm<\/span><\/p>\n<\/div>\n<div class=\"desc\">\n<p class=\"desc-tit\">Profundidade<span class=\"desc-sub\">\u00a0:\u00a0 10,4cm<\/span><\/p>\n<\/div>\n<div class=\"desc\">\n<p class=\"desc-tit\">Peso aproximado<span class=\"desc-sub\">\u00a0(g):\u00a0 472<\/span><\/p>\n<\/div>\n<\/div>\n","protected":false},"excerpt":{"rendered":"<p>19053 Jogo de Domin\u00f3 Personalizado. Descri\u00e7\u00e3o:\u00a0Jogo de domin\u00f3 com 28 pe\u00e7as com detalhes em relevo. Acompanha estojo pl\u00e1stico com travas de fechamento. Altura\u00a0:\u00a0 2,5 cm Largura\u00a0:\u00a0<span class=\"excerpt-hellip\"> [\u2026]<\/span><\/p>\n","protected":false},"featured_media":6532,"comment_status":"closed","ping_status":"closed","template":"","meta":[],"product_cat":[899,350],"product_tag":[2463],"class_list":["post-6480","product","type-product","status-publish","has-post-thumbnail","hentry","product_cat-diversos","product_cat-fitness-e-lazer","product_tag-jogo-de-domino-personalizado"],"_links":{"self":[{"href":"https:\/\/vohnabrindes.com.br\/index.php\/wp-json\/wp\/v2\/product\/6480","targetHints":{"allow":["GET"]}}],"collection":[{"href":"https:\/\/vohnabrindes.com.br\/index.php\/wp-json\/wp\/v2\/product"}],"about":[{"href":"https:\/\/vohnabrindes.com.br\/index.php\/wp-json\/wp\/v2\/types\/product"}],"replies":[{"embeddable":true,"href":"https:\/\/vohnabrindes.com.br\/index.php\/wp-json\/wp\/v2\/comments?post=6480"}],"version-history":[{"count":1,"href":"https:\/\/vohnabrindes.com.br\/index.php\/wp-json\/wp\/v2\/product\/6480\/revisions"}],"predecessor-version":[{"id":6533,"href":"https:\/\/vohnabrindes.com.br\/index.php\/wp-json\/wp\/v2\/product\/6480\/revisions\/6533"}],"wp:featuredmedia":[{"embeddable":true,"href":"https:\/\/vohnabrindes.com.br\/index.php\/wp-json\/wp\/v2\/media\/6532"}],"wp:attachment":[{"href":"https:\/\/vohnabrindes.com.br\/index.php\/wp-json\/wp\/v2\/media?parent=6480"}],"wp:term":[{"taxonomy":"product_cat","embeddable":true,"href":"https:\/\/vohnabrindes.com.br\/index.php\/wp-json\/wp\/v2\/product_cat?post=6480"},{"taxonomy":"product_tag","embeddable":true,"href":"https:\/\/vohnabrindes.com.br\/index.php\/wp-json\/wp\/v2\/product_tag?post=6480"}],"curies":[{"name":"wp","href":"https:\/\/api.w.org\/{rel}","templated":true}]}}