{"id":6481,"date":"2025-12-29T14:30:31","date_gmt":"2025-12-29T17:30:31","guid":{"rendered":"https:\/\/vohnabrindes.com.br\/?post_type=product&#038;p=6481"},"modified":"2025-12-29T14:31:26","modified_gmt":"2025-12-29T17:31:26","slug":"bracadeira-esportiva-neoprene-personalizada","status":"publish","type":"product","link":"https:\/\/vohnabrindes.com.br\/index.php\/product\/bracadeira-esportiva-neoprene-personalizada\/","title":{"rendered":"Bra\u00e7adeira Esportiva Neoprene Personalizada."},"content":{"rendered":"<pre id=\"item_referencia\">19057<\/pre>\n<p class=\"produto-nome\">Bra\u00e7adeira Esportiva Neoprene Personalizada.<\/p>\n<div class=\"caracs\">\n<div class=\"desc\">\n<p class=\"desc-tit\">Descri\u00e7\u00e3o:\u00a0<span class=\"desc-sub my-desc-sub\">Bra\u00e7adeira esportiva em neoprene imperme\u00e1vel. Possui dois compartimentos com fechamento em z\u00edper: um principal, com sa\u00edda para fones de ouvido, e outro na parte frontal, al\u00e9m de al\u00e7a el\u00e1stica com velcro para ajuste no bra\u00e7o.<\/span><\/p>\n<\/div>\n<div class=\"desc\">\n<p class=\"desc-tit\">Altura<span class=\"desc-sub\">\u00a0:\u00a0 16,5 cm<\/span><\/p>\n<\/div>\n<div class=\"desc\">\n<p class=\"desc-tit\">Largura<span class=\"desc-sub\">\u00a0:\u00a0 7,5 cm<\/span><\/p>\n<\/div>\n<div class=\"desc\">\n<p class=\"desc-tit\">Profundidade<span class=\"desc-sub\">\u00a0:\u00a0 2 cm<\/span><\/p>\n<\/div>\n<div class=\"desc\">\n<p class=\"desc-tit\">Medidas aproximadas para grava\u00e7\u00e3o<span class=\"desc-sub\">\u00a0(CxL):\u00a0 12 cm x 6 cm<\/span><\/p>\n<\/div>\n<div class=\"desc\">\n<p class=\"desc-tit\">Peso aproximado<span class=\"desc-sub\">\u00a0(g):\u00a0 52<\/span><\/p>\n<\/div>\n<\/div>\n","protected":false},"excerpt":{"rendered":"<p>19057 Bra\u00e7adeira Esportiva Neoprene Personalizada. Descri\u00e7\u00e3o:\u00a0Bra\u00e7adeira esportiva em neoprene imperme\u00e1vel. Possui dois compartimentos com fechamento em z\u00edper: um principal, com sa\u00edda para fones de ouvido, e<span class=\"excerpt-hellip\"> [\u2026]<\/span><\/p>\n","protected":false},"featured_media":6534,"comment_status":"closed","ping_status":"closed","template":"","meta":[],"product_cat":[350],"product_tag":[2464,2465,2466],"class_list":["post-6481","product","type-product","status-publish","has-post-thumbnail","hentry","product_cat-fitness-e-lazer","product_tag-bracadeira-esportiva-neoprene-personalizada","product_tag-bracadeira-esportiva-personalizada","product_tag-bracadeira-personalizada"],"_links":{"self":[{"href":"https:\/\/vohnabrindes.com.br\/index.php\/wp-json\/wp\/v2\/product\/6481","targetHints":{"allow":["GET"]}}],"collection":[{"href":"https:\/\/vohnabrindes.com.br\/index.php\/wp-json\/wp\/v2\/product"}],"about":[{"href":"https:\/\/vohnabrindes.com.br\/index.php\/wp-json\/wp\/v2\/types\/product"}],"replies":[{"embeddable":true,"href":"https:\/\/vohnabrindes.com.br\/index.php\/wp-json\/wp\/v2\/comments?post=6481"}],"version-history":[{"count":1,"href":"https:\/\/vohnabrindes.com.br\/index.php\/wp-json\/wp\/v2\/product\/6481\/revisions"}],"predecessor-version":[{"id":6535,"href":"https:\/\/vohnabrindes.com.br\/index.php\/wp-json\/wp\/v2\/product\/6481\/revisions\/6535"}],"wp:featuredmedia":[{"embeddable":true,"href":"https:\/\/vohnabrindes.com.br\/index.php\/wp-json\/wp\/v2\/media\/6534"}],"wp:attachment":[{"href":"https:\/\/vohnabrindes.com.br\/index.php\/wp-json\/wp\/v2\/media?parent=6481"}],"wp:term":[{"taxonomy":"product_cat","embeddable":true,"href":"https:\/\/vohnabrindes.com.br\/index.php\/wp-json\/wp\/v2\/product_cat?post=6481"},{"taxonomy":"product_tag","embeddable":true,"href":"https:\/\/vohnabrindes.com.br\/index.php\/wp-json\/wp\/v2\/product_tag?post=6481"}],"curies":[{"name":"wp","href":"https:\/\/api.w.org\/{rel}","templated":true}]}}