{"id":6482,"date":"2025-12-29T14:30:31","date_gmt":"2025-12-29T17:30:31","guid":{"rendered":"https:\/\/vohnabrindes.com.br\/?post_type=product&#038;p=6482"},"modified":"2025-12-29T14:31:28","modified_gmt":"2025-12-29T17:31:28","slug":"mini-bolsa-transversal-oxford-personalizada","status":"publish","type":"product","link":"https:\/\/vohnabrindes.com.br\/index.php\/product\/mini-bolsa-transversal-oxford-personalizada\/","title":{"rendered":"Mini Bolsa Transversal Oxford Personalizada."},"content":{"rendered":"<pre id=\"item_referencia\">09104<\/pre>\n<p class=\"produto-nome\">Mini Bolsa Transversal Oxford Personalizada.<\/p>\n<div class=\"caracs\">\n<div class=\"desc\">\n<p class=\"desc-tit\">Descri\u00e7\u00e3o:\u00a0<span class=\"desc-sub my-desc-sub\">Mini bolsa confeccionada em tecido Oxford resistente \u00e0 \u00e1gua e al\u00e7a transversal ajust\u00e1vel em nylon. Possui fechamento em z\u00edper e bolso frontal que facilita a organiza\u00e7\u00e3o de objetos.<\/span><\/p>\n<\/div>\n<div class=\"desc\">\n<p class=\"desc-tit\">Altura<span class=\"desc-sub\">\u00a0:\u00a0 18,5 cm<\/span><\/p>\n<\/div>\n<div class=\"desc\">\n<p class=\"desc-tit\">Largura<span class=\"desc-sub\">\u00a0:\u00a0 15 cm<\/span><\/p>\n<\/div>\n<div class=\"desc\">\n<p class=\"desc-tit\">Profundidade<span class=\"desc-sub\">\u00a0:\u00a0 5,5 cm<\/span><\/p>\n<\/div>\n<div class=\"desc\">\n<p class=\"desc-tit\">Medidas aproximadas para grava\u00e7\u00e3o<span class=\"desc-sub\">\u00a0(CxL):\u00a0 12 cm x 13 cm<\/span><\/p>\n<\/div>\n<div class=\"desc\">\n<p class=\"desc-tit\">Peso aproximado<span class=\"desc-sub\">\u00a0(g):\u00a0 112<\/span><\/p>\n<\/div>\n<\/div>\n","protected":false},"excerpt":{"rendered":"<p>09104 Mini Bolsa Transversal Oxford Personalizada. Descri\u00e7\u00e3o:\u00a0Mini bolsa confeccionada em tecido Oxford resistente \u00e0 \u00e1gua e al\u00e7a transversal ajust\u00e1vel em nylon. Possui fechamento em z\u00edper e<span class=\"excerpt-hellip\"> [\u2026]<\/span><\/p>\n","protected":false},"featured_media":6536,"comment_status":"closed","ping_status":"closed","template":"","meta":[],"product_cat":[168],"product_tag":[2467,2468,2469,2378],"class_list":["post-6482","product","type-product","status-publish","has-post-thumbnail","hentry","product_cat-sem-categoria","product_tag-mini-bolsa-personalizada","product_tag-mini-bolsa-transversal-oxford-personalizada","product_tag-mini-bolsa-transversal-personalizada","product_tag-shoulder-bag-personalizada"],"_links":{"self":[{"href":"https:\/\/vohnabrindes.com.br\/index.php\/wp-json\/wp\/v2\/product\/6482","targetHints":{"allow":["GET"]}}],"collection":[{"href":"https:\/\/vohnabrindes.com.br\/index.php\/wp-json\/wp\/v2\/product"}],"about":[{"href":"https:\/\/vohnabrindes.com.br\/index.php\/wp-json\/wp\/v2\/types\/product"}],"replies":[{"embeddable":true,"href":"https:\/\/vohnabrindes.com.br\/index.php\/wp-json\/wp\/v2\/comments?post=6482"}],"version-history":[{"count":1,"href":"https:\/\/vohnabrindes.com.br\/index.php\/wp-json\/wp\/v2\/product\/6482\/revisions"}],"predecessor-version":[{"id":6537,"href":"https:\/\/vohnabrindes.com.br\/index.php\/wp-json\/wp\/v2\/product\/6482\/revisions\/6537"}],"wp:featuredmedia":[{"embeddable":true,"href":"https:\/\/vohnabrindes.com.br\/index.php\/wp-json\/wp\/v2\/media\/6536"}],"wp:attachment":[{"href":"https:\/\/vohnabrindes.com.br\/index.php\/wp-json\/wp\/v2\/media?parent=6482"}],"wp:term":[{"taxonomy":"product_cat","embeddable":true,"href":"https:\/\/vohnabrindes.com.br\/index.php\/wp-json\/wp\/v2\/product_cat?post=6482"},{"taxonomy":"product_tag","embeddable":true,"href":"https:\/\/vohnabrindes.com.br\/index.php\/wp-json\/wp\/v2\/product_tag?post=6482"}],"curies":[{"name":"wp","href":"https:\/\/api.w.org\/{rel}","templated":true}]}}