{"id":6483,"date":"2025-12-29T14:30:31","date_gmt":"2025-12-29T17:30:31","guid":{"rendered":"https:\/\/vohnabrindes.com.br\/?post_type=product&#038;p=6483"},"modified":"2025-12-29T14:31:29","modified_gmt":"2025-12-29T17:31:29","slug":"garrafa-termica-800ml-personalizada","status":"publish","type":"product","link":"https:\/\/vohnabrindes.com.br\/index.php\/product\/garrafa-termica-800ml-personalizada\/","title":{"rendered":"Garrafa T\u00e9rmica 800ml Personalizada"},"content":{"rendered":"<pre id=\"item_referencia\">19014<\/pre>\n<p class=\"produto-nome\">Garrafa T\u00e9rmica 800ml Personalizada<\/p>\n<div class=\"caracs\">\n<div class=\"desc\">\n<p class=\"desc-tit\">Descri\u00e7\u00e3o:\u00a0<span class=\"desc-sub my-desc-sub\">Garrafa t\u00e9rmica em inox com pintura eletrost\u00e1tica e capacidade de at\u00e9 800ml. Apresenta estrutura interna de parede dupla e veda\u00e7\u00e3o a v\u00e1cuo, o que ajuda a conservar a temperatura de l\u00edquidos por mais tempo. Conta ainda com fundo remov\u00edvel. Possui tampa pl\u00e1stica rosque\u00e1vel com protetor para o bocal, bico flip, canudo interno remov\u00edvel e al\u00e7a fixa para transporte.<\/span><\/p>\n<\/div>\n<div class=\"desc\">\n<p class=\"desc-tit\">Altura<span class=\"desc-sub\">\u00a0:\u00a0 28,6 cm<\/span><\/p>\n<\/div>\n<div class=\"desc\">\n<p class=\"desc-tit\">Largura<span class=\"desc-sub\">\u00a0:\u00a0 9 cm<\/span><\/p>\n<\/div>\n<div class=\"desc\">\n<p class=\"desc-tit\">Circunfer\u00eancia<span class=\"desc-sub\">\u00a0:\u00a0 28,5 cm<\/span><\/p>\n<\/div>\n<div class=\"desc\">\n<p class=\"desc-tit\">Medidas aproximadas para grava\u00e7\u00e3o<span class=\"desc-sub\">\u00a0(CxL):\u00a0 14 cm x 8 cm<\/span><\/p>\n<\/div>\n<div class=\"desc\">\n<p class=\"desc-tit\">Peso aproximado<span class=\"desc-sub\">\u00a0(g):\u00a0 514<\/span><\/p>\n<\/div>\n<\/div>\n","protected":false},"excerpt":{"rendered":"<p>19014 Garrafa T\u00e9rmica 800ml Personalizada Descri\u00e7\u00e3o:\u00a0Garrafa t\u00e9rmica em inox com pintura eletrost\u00e1tica e capacidade de at\u00e9 800ml. Apresenta estrutura interna de parede dupla e veda\u00e7\u00e3o a<span class=\"excerpt-hellip\"> [\u2026]<\/span><\/p>\n","protected":false},"featured_media":6538,"comment_status":"closed","ping_status":"closed","template":"","meta":[],"product_cat":[132],"product_tag":[2470,416],"class_list":["post-6483","product","type-product","status-publish","has-post-thumbnail","hentry","product_cat-garrafas-termicas-e-kits","product_tag-garrafa-termica-800ml-personalizada","product_tag-garrafa-termica-personalizada"],"_links":{"self":[{"href":"https:\/\/vohnabrindes.com.br\/index.php\/wp-json\/wp\/v2\/product\/6483","targetHints":{"allow":["GET"]}}],"collection":[{"href":"https:\/\/vohnabrindes.com.br\/index.php\/wp-json\/wp\/v2\/product"}],"about":[{"href":"https:\/\/vohnabrindes.com.br\/index.php\/wp-json\/wp\/v2\/types\/product"}],"replies":[{"embeddable":true,"href":"https:\/\/vohnabrindes.com.br\/index.php\/wp-json\/wp\/v2\/comments?post=6483"}],"version-history":[{"count":1,"href":"https:\/\/vohnabrindes.com.br\/index.php\/wp-json\/wp\/v2\/product\/6483\/revisions"}],"predecessor-version":[{"id":6539,"href":"https:\/\/vohnabrindes.com.br\/index.php\/wp-json\/wp\/v2\/product\/6483\/revisions\/6539"}],"wp:featuredmedia":[{"embeddable":true,"href":"https:\/\/vohnabrindes.com.br\/index.php\/wp-json\/wp\/v2\/media\/6538"}],"wp:attachment":[{"href":"https:\/\/vohnabrindes.com.br\/index.php\/wp-json\/wp\/v2\/media?parent=6483"}],"wp:term":[{"taxonomy":"product_cat","embeddable":true,"href":"https:\/\/vohnabrindes.com.br\/index.php\/wp-json\/wp\/v2\/product_cat?post=6483"},{"taxonomy":"product_tag","embeddable":true,"href":"https:\/\/vohnabrindes.com.br\/index.php\/wp-json\/wp\/v2\/product_tag?post=6483"}],"curies":[{"name":"wp","href":"https:\/\/api.w.org\/{rel}","templated":true}]}}