{"id":6515,"date":"2025-12-29T14:31:13","date_gmt":"2025-12-29T17:31:13","guid":{"rendered":"https:\/\/vohnabrindes.com.br\/?post_type=product&#038;p=6515"},"modified":"2025-12-29T14:31:35","modified_gmt":"2025-12-29T17:31:35","slug":"bracadeira-esportiva-couro-sintetico-personalizada","status":"publish","type":"product","link":"https:\/\/vohnabrindes.com.br\/index.php\/product\/bracadeira-esportiva-couro-sintetico-personalizada\/","title":{"rendered":"Bra\u00e7adeira Esportiva Couro Sint\u00e9tico Personalizada."},"content":{"rendered":"<pre id=\"item_referencia\">19058<\/pre>\n<p class=\"produto-nome\">Bra\u00e7adeira Esportiva Couro Sint\u00e9tico Personalizada.<\/p>\n<div class=\"caracs\">\n<div class=\"desc\">\n<p class=\"desc-tit\">Descri\u00e7\u00e3o:\u00a0<span class=\"desc-sub my-desc-sub\">Bra\u00e7adeira para celular em couro sint\u00e9tico e revestimento posterior em neoprene. Possui capacidade para aparelhos de at\u00e9 6,5 polegadas, al\u00e9m de visor em pl\u00e1stico e al\u00e7a de neoprene com fechamento em velcro para ajuste no bra\u00e7o.<\/span><\/p>\n<\/div>\n<div class=\"desc\">\n<p class=\"desc-tit\">Largura<span class=\"desc-sub\">\u00a0:\u00a0 19,5 cm<\/span><\/p>\n<\/div>\n<div class=\"desc\">\n<p class=\"desc-tit\">Circunfer\u00eancia<span class=\"desc-sub\">\u00a0:\u00a0 0,2 cm<\/span><\/p>\n<\/div>\n<div class=\"desc\">\n<p class=\"desc-tit\">Comprimento<span class=\"desc-sub\">\u00a0:\u00a0 18,5 cm<\/span><\/p>\n<\/div>\n<div class=\"desc\">\n<p class=\"desc-tit\">Medidas aproximadas para grava\u00e7\u00e3o<span class=\"desc-sub\">\u00a0(CxL):\u00a0 3 cm x 2 cm (jun\u00e7\u00e3o da al\u00e7a)<\/span><\/p>\n<\/div>\n<div class=\"desc\">\n<p class=\"desc-tit\">Peso aproximado<span class=\"desc-sub\">\u00a0(g):\u00a0 25<\/span><\/p>\n<\/div>\n<\/div>\n","protected":false},"excerpt":{"rendered":"<p>19058 Bra\u00e7adeira Esportiva Couro Sint\u00e9tico Personalizada. Descri\u00e7\u00e3o:\u00a0Bra\u00e7adeira para celular em couro sint\u00e9tico e revestimento posterior em neoprene. Possui capacidade para aparelhos de at\u00e9 6,5 polegadas, al\u00e9m<span class=\"excerpt-hellip\"> [\u2026]<\/span><\/p>\n","protected":false},"featured_media":6544,"comment_status":"closed","ping_status":"closed","template":"","meta":[],"product_cat":[168],"product_tag":[],"class_list":["post-6515","product","type-product","status-publish","has-post-thumbnail","hentry","product_cat-sem-categoria"],"_links":{"self":[{"href":"https:\/\/vohnabrindes.com.br\/index.php\/wp-json\/wp\/v2\/product\/6515","targetHints":{"allow":["GET"]}}],"collection":[{"href":"https:\/\/vohnabrindes.com.br\/index.php\/wp-json\/wp\/v2\/product"}],"about":[{"href":"https:\/\/vohnabrindes.com.br\/index.php\/wp-json\/wp\/v2\/types\/product"}],"replies":[{"embeddable":true,"href":"https:\/\/vohnabrindes.com.br\/index.php\/wp-json\/wp\/v2\/comments?post=6515"}],"version-history":[{"count":1,"href":"https:\/\/vohnabrindes.com.br\/index.php\/wp-json\/wp\/v2\/product\/6515\/revisions"}],"predecessor-version":[{"id":6545,"href":"https:\/\/vohnabrindes.com.br\/index.php\/wp-json\/wp\/v2\/product\/6515\/revisions\/6545"}],"wp:featuredmedia":[{"embeddable":true,"href":"https:\/\/vohnabrindes.com.br\/index.php\/wp-json\/wp\/v2\/media\/6544"}],"wp:attachment":[{"href":"https:\/\/vohnabrindes.com.br\/index.php\/wp-json\/wp\/v2\/media?parent=6515"}],"wp:term":[{"taxonomy":"product_cat","embeddable":true,"href":"https:\/\/vohnabrindes.com.br\/index.php\/wp-json\/wp\/v2\/product_cat?post=6515"},{"taxonomy":"product_tag","embeddable":true,"href":"https:\/\/vohnabrindes.com.br\/index.php\/wp-json\/wp\/v2\/product_tag?post=6515"}],"curies":[{"name":"wp","href":"https:\/\/api.w.org\/{rel}","templated":true}]}}