{"id":6572,"date":"2026-03-03T16:27:57","date_gmt":"2026-03-03T19:27:57","guid":{"rendered":"https:\/\/vohnabrindes.com.br\/?post_type=product&#038;p=6572"},"modified":"2026-03-03T16:28:14","modified_gmt":"2026-03-03T19:28:14","slug":"bloco-de-anotacoes-100-reciclado-personalizado","status":"publish","type":"product","link":"https:\/\/vohnabrindes.com.br\/index.php\/product\/bloco-de-anotacoes-100-reciclado-personalizado\/","title":{"rendered":"Bloco de anota\u00e7\u00f5es 100% reciclado personalizado."},"content":{"rendered":"<div class=\"ref\">93636-BALDWIN.<\/div>\n<div class=\"ref\">Bloco de anota\u00e7\u00f5es estilo moleskine , tamanho A5, com capa em feltro 100% reciclado, com 160 p\u00e1ginas pautadas recicladas<\/div>\n<div class=\"texto\">O caderno remov\u00edvel cont\u00e9m a capa em papel 100% reciclado, bem como 160 p\u00e1ginas pautadas (70 g\/m\u00b2) tamb\u00e9m em papel 100% reciclado.<\/div>\n<div class=\"texto\">dimens\u00f5es: 150 x 210 mm<\/div>\n","protected":false},"excerpt":{"rendered":"<p>93636-BALDWIN. Bloco de anota\u00e7\u00f5es estilo moleskine , tamanho A5, com capa em feltro 100% reciclado, com 160 p\u00e1ginas pautadas recicladas O caderno remov\u00edvel cont\u00e9m a capa<span class=\"excerpt-hellip\"> [\u2026]<\/span><\/p>\n","protected":false},"featured_media":6601,"comment_status":"closed","ping_status":"closed","template":"","meta":[],"product_cat":[146,126],"product_tag":[2481,764,2482,2483],"class_list":["post-6572","product","type-product","status-publish","has-post-thumbnail","hentry","product_cat-blocos-e-cadernetas","product_cat-linha-ecologica","product_tag-bloco-de-anotacoes-100-reciclado-personalizado","product_tag-bloco-de-anotacoes-personalizado","product_tag-bloco-de-anotacoes-reciclado-personalizado","product_tag-moleskine-100-reciclado-personalizado"],"_links":{"self":[{"href":"https:\/\/vohnabrindes.com.br\/index.php\/wp-json\/wp\/v2\/product\/6572","targetHints":{"allow":["GET"]}}],"collection":[{"href":"https:\/\/vohnabrindes.com.br\/index.php\/wp-json\/wp\/v2\/product"}],"about":[{"href":"https:\/\/vohnabrindes.com.br\/index.php\/wp-json\/wp\/v2\/types\/product"}],"replies":[{"embeddable":true,"href":"https:\/\/vohnabrindes.com.br\/index.php\/wp-json\/wp\/v2\/comments?post=6572"}],"version-history":[{"count":1,"href":"https:\/\/vohnabrindes.com.br\/index.php\/wp-json\/wp\/v2\/product\/6572\/revisions"}],"predecessor-version":[{"id":6602,"href":"https:\/\/vohnabrindes.com.br\/index.php\/wp-json\/wp\/v2\/product\/6572\/revisions\/6602"}],"wp:featuredmedia":[{"embeddable":true,"href":"https:\/\/vohnabrindes.com.br\/index.php\/wp-json\/wp\/v2\/media\/6601"}],"wp:attachment":[{"href":"https:\/\/vohnabrindes.com.br\/index.php\/wp-json\/wp\/v2\/media?parent=6572"}],"wp:term":[{"taxonomy":"product_cat","embeddable":true,"href":"https:\/\/vohnabrindes.com.br\/index.php\/wp-json\/wp\/v2\/product_cat?post=6572"},{"taxonomy":"product_tag","embeddable":true,"href":"https:\/\/vohnabrindes.com.br\/index.php\/wp-json\/wp\/v2\/product_tag?post=6572"}],"curies":[{"name":"wp","href":"https:\/\/api.w.org\/{rel}","templated":true}]}}