{"id":6574,"date":"2026-03-03T16:27:57","date_gmt":"2026-03-03T19:27:57","guid":{"rendered":"https:\/\/vohnabrindes.com.br\/?post_type=product&#038;p=6574"},"modified":"2026-03-03T16:28:19","modified_gmt":"2026-03-03T19:28:19","slug":"leque-de-plastico-personalizado","status":"publish","type":"product","link":"https:\/\/vohnabrindes.com.br\/index.php\/product\/leque-de-plastico-personalizado\/","title":{"rendered":"Leque de Pl\u00e1stico Personalizado."},"content":{"rendered":"<pre id=\"item_referencia\">08339B<\/pre>\n<p class=\"produto-nome\">Leque de Pl\u00e1stico Personalizado.<\/p>\n<div class=\"caracs\">\n<div class=\"desc\">\n<p class=\"desc-tit\">Descri\u00e7\u00e3o:\u00a0<span class=\"desc-sub my-desc-sub\">Leque com estrutura pl\u00e1stica compacta e tecido leve.<\/span><\/p>\n<\/div>\n<div class=\"desc\">\n<p class=\"desc-tit\">Altura<span class=\"desc-sub\">\u00a0:\u00a0 23,1 cm<\/span><\/p>\n<\/div>\n<div class=\"desc\">\n<p class=\"desc-tit\">Largura<span class=\"desc-sub\">\u00a0:\u00a0 2,3 cm<\/span><\/p>\n<\/div>\n<div class=\"desc\">\n<p class=\"desc-tit\">Comprimento<span class=\"desc-sub\">\u00a0:\u00a0 42 cm<\/span><\/p>\n<\/div>\n<\/div>\n","protected":false},"excerpt":{"rendered":"<p>08339B Leque de Pl\u00e1stico Personalizado. Descri\u00e7\u00e3o:\u00a0Leque com estrutura pl\u00e1stica compacta e tecido leve. Altura\u00a0:\u00a0 23,1 cm Largura\u00a0:\u00a0 2,3 cm Comprimento\u00a0:\u00a0 42 cm<\/p>\n","protected":false},"featured_media":6605,"comment_status":"closed","ping_status":"closed","template":"","meta":[],"product_cat":[510],"product_tag":[2484,2485,2486,1213],"class_list":["post-6574","product","type-product","status-publish","has-post-thumbnail","hentry","product_cat-linha-sol-e-chuva","product_tag-brindes-carnaval","product_tag-brindes-de-verao","product_tag-leque-de-plastico-personalizado","product_tag-leque-personalizado"],"_links":{"self":[{"href":"https:\/\/vohnabrindes.com.br\/index.php\/wp-json\/wp\/v2\/product\/6574","targetHints":{"allow":["GET"]}}],"collection":[{"href":"https:\/\/vohnabrindes.com.br\/index.php\/wp-json\/wp\/v2\/product"}],"about":[{"href":"https:\/\/vohnabrindes.com.br\/index.php\/wp-json\/wp\/v2\/types\/product"}],"replies":[{"embeddable":true,"href":"https:\/\/vohnabrindes.com.br\/index.php\/wp-json\/wp\/v2\/comments?post=6574"}],"version-history":[{"count":1,"href":"https:\/\/vohnabrindes.com.br\/index.php\/wp-json\/wp\/v2\/product\/6574\/revisions"}],"predecessor-version":[{"id":6606,"href":"https:\/\/vohnabrindes.com.br\/index.php\/wp-json\/wp\/v2\/product\/6574\/revisions\/6606"}],"wp:featuredmedia":[{"embeddable":true,"href":"https:\/\/vohnabrindes.com.br\/index.php\/wp-json\/wp\/v2\/media\/6605"}],"wp:attachment":[{"href":"https:\/\/vohnabrindes.com.br\/index.php\/wp-json\/wp\/v2\/media?parent=6574"}],"wp:term":[{"taxonomy":"product_cat","embeddable":true,"href":"https:\/\/vohnabrindes.com.br\/index.php\/wp-json\/wp\/v2\/product_cat?post=6574"},{"taxonomy":"product_tag","embeddable":true,"href":"https:\/\/vohnabrindes.com.br\/index.php\/wp-json\/wp\/v2\/product_tag?post=6574"}],"curies":[{"name":"wp","href":"https:\/\/api.w.org\/{rel}","templated":true}]}}