{"id":6575,"date":"2026-03-03T16:27:57","date_gmt":"2026-03-03T19:27:57","guid":{"rendered":"https:\/\/vohnabrindes.com.br\/?post_type=product&#038;p=6575"},"modified":"2026-03-03T16:28:23","modified_gmt":"2026-03-03T19:28:23","slug":"mini-ventilador-recarregavel-personalizado","status":"publish","type":"product","link":"https:\/\/vohnabrindes.com.br\/index.php\/product\/mini-ventilador-recarregavel-personalizado\/","title":{"rendered":"Mini Ventilador Recarreg\u00e1vel Personalizado"},"content":{"rendered":"<pre id=\"item_referencia\">05042<\/pre>\n<p class=\"produto-nome\">Mini Ventilador Recarreg\u00e1vel Personalizado<\/p>\n<div class=\"caracs\">\n<div class=\"desc\">\n<p class=\"desc-tit\">Descri\u00e7\u00e3o:\u00a0<span class=\"desc-sub my-desc-sub\">Mini ventilador pl\u00e1stico recarreg\u00e1vel com base remov\u00edvel e bot\u00e3o de acionamento. Acompanha cabo usb.<\/span><\/p>\n<\/div>\n<div class=\"desc\">\n<p class=\"desc-tit\">Altura<span class=\"desc-sub\">\u00a0:\u00a0 14,9 cm<\/span><\/p>\n<\/div>\n<div class=\"desc\">\n<p class=\"desc-tit\">Largura<span class=\"desc-sub\">\u00a0:\u00a0 7,8 cm<\/span><\/p>\n<\/div>\n<div class=\"desc\">\n<p class=\"desc-tit\">Espessura<span class=\"desc-sub\">\u00a0:\u00a0 3,6 cm<\/span><\/p>\n<\/div>\n<div class=\"desc\">\n<p class=\"desc-tit\">Medidas aproximadas para grava\u00e7\u00e3o<span class=\"desc-sub\">\u00a0(CxL):\u00a0 2,5 cm x 2,5 cm<\/span><\/p>\n<\/div>\n<div class=\"desc\">\n<p class=\"desc-tit\">Tamanho total aproximado\u00a0<span class=\"desc-sub\">\u00a0(CxL):\u00a0 Base 5,9 cm x 5,5 cm<\/span><\/p>\n<\/div>\n<div class=\"desc\">\n<p class=\"desc-tit\">Peso aproximado<span class=\"desc-sub\">\u00a0(g):\u00a0 119<\/span><\/p>\n<\/div>\n<\/div>\n","protected":false},"excerpt":{"rendered":"<p>05042 Mini Ventilador Recarreg\u00e1vel Personalizado Descri\u00e7\u00e3o:\u00a0Mini ventilador pl\u00e1stico recarreg\u00e1vel com base remov\u00edvel e bot\u00e3o de acionamento. Acompanha cabo usb. Altura\u00a0:\u00a0 14,9 cm Largura\u00a0:\u00a0 7,8 cm Espessura\u00a0:\u00a0<span class=\"excerpt-hellip\"> [\u2026]<\/span><\/p>\n","protected":false},"featured_media":6608,"comment_status":"closed","ping_status":"closed","template":"","meta":[],"product_cat":[510],"product_tag":[2487,2363,1269,2488],"class_list":["post-6575","product","type-product","status-publish","has-post-thumbnail","hentry","product_cat-linha-sol-e-chuva","product_tag-brindes-para-carnaval","product_tag-brindes-para-verao","product_tag-mini-ventilador-personalizado","product_tag-mini-ventilador-recarregavel-personalizado"],"_links":{"self":[{"href":"https:\/\/vohnabrindes.com.br\/index.php\/wp-json\/wp\/v2\/product\/6575","targetHints":{"allow":["GET"]}}],"collection":[{"href":"https:\/\/vohnabrindes.com.br\/index.php\/wp-json\/wp\/v2\/product"}],"about":[{"href":"https:\/\/vohnabrindes.com.br\/index.php\/wp-json\/wp\/v2\/types\/product"}],"replies":[{"embeddable":true,"href":"https:\/\/vohnabrindes.com.br\/index.php\/wp-json\/wp\/v2\/comments?post=6575"}],"version-history":[{"count":1,"href":"https:\/\/vohnabrindes.com.br\/index.php\/wp-json\/wp\/v2\/product\/6575\/revisions"}],"predecessor-version":[{"id":6609,"href":"https:\/\/vohnabrindes.com.br\/index.php\/wp-json\/wp\/v2\/product\/6575\/revisions\/6609"}],"wp:featuredmedia":[{"embeddable":true,"href":"https:\/\/vohnabrindes.com.br\/index.php\/wp-json\/wp\/v2\/media\/6608"}],"wp:attachment":[{"href":"https:\/\/vohnabrindes.com.br\/index.php\/wp-json\/wp\/v2\/media?parent=6575"}],"wp:term":[{"taxonomy":"product_cat","embeddable":true,"href":"https:\/\/vohnabrindes.com.br\/index.php\/wp-json\/wp\/v2\/product_cat?post=6575"},{"taxonomy":"product_tag","embeddable":true,"href":"https:\/\/vohnabrindes.com.br\/index.php\/wp-json\/wp\/v2\/product_tag?post=6575"}],"curies":[{"name":"wp","href":"https:\/\/api.w.org\/{rel}","templated":true}]}}