{"id":6577,"date":"2026-03-03T16:27:58","date_gmt":"2026-03-03T19:27:58","guid":{"rendered":"https:\/\/vohnabrindes.com.br\/?post_type=product&#038;p=6577"},"modified":"2026-03-03T16:28:28","modified_gmt":"2026-03-03T19:28:28","slug":"chapeu-bucket-personalizado","status":"publish","type":"product","link":"https:\/\/vohnabrindes.com.br\/index.php\/product\/chapeu-bucket-personalizado\/","title":{"rendered":"Chap\u00e9u Bucket Personalizado."},"content":{"rendered":"<pre id=\"item_referencia\">05052<\/pre>\n<p class=\"produto-nome\">Chap\u00e9u Bucket Personalizado.<\/p>\n<div class=\"caracs\">\n<div class=\"desc\">\n<p class=\"desc-tit\">Descri\u00e7\u00e3o:\u00a0<span class=\"desc-sub my-desc-sub\">Chap\u00e9u bucket dupla face feito em poli\u00e9ster.<\/span><\/p>\n<\/div>\n<div class=\"desc\">\n<p class=\"desc-tit\">Altura<span class=\"desc-sub\">\u00a0:\u00a0 14cm<\/span><\/p>\n<\/div>\n<div class=\"desc\">\n<p class=\"desc-tit\">Largura<span class=\"desc-sub\">\u00a0:\u00a0 23 cm<\/span><\/p>\n<\/div>\n<div class=\"desc\">\n<p class=\"desc-tit\">Circunfer\u00eancia<span class=\"desc-sub\">\u00a0:\u00a0 Cabe\u00e7a 56 cm<\/span><\/p>\n<\/div>\n<div class=\"desc\">\n<p class=\"desc-tit\">Comprimento<span class=\"desc-sub\">\u00a0:\u00a0 28cm<\/span><\/p>\n<\/div>\n<div class=\"desc\">\n<p class=\"desc-tit\">Medidas aproximadas para grava\u00e7\u00e3o<span class=\"desc-sub\">\u00a0(CxL):\u00a0 6 cm x 10 cm<\/span><\/p>\n<\/div>\n<div class=\"desc\">\n<p class=\"desc-tit\">Peso aproximado<span class=\"desc-sub\">\u00a0(g):\u00a0 66<\/span><\/p>\n<\/div>\n<\/div>\n","protected":false},"excerpt":{"rendered":"<p>05052 Chap\u00e9u Bucket Personalizado. Descri\u00e7\u00e3o:\u00a0Chap\u00e9u bucket dupla face feito em poli\u00e9ster. Altura\u00a0:\u00a0 14cm Largura\u00a0:\u00a0 23 cm Circunfer\u00eancia\u00a0:\u00a0 Cabe\u00e7a 56 cm Comprimento\u00a0:\u00a0 28cm Medidas aproximadas para grava\u00e7\u00e3o\u00a0(CxL):\u00a0<span class=\"excerpt-hellip\"> [\u2026]<\/span><\/p>\n","protected":false},"featured_media":6612,"comment_status":"closed","ping_status":"closed","template":"","meta":[],"product_cat":[350,510],"product_tag":[2490,1271],"class_list":["post-6577","product","type-product","status-publish","has-post-thumbnail","hentry","product_cat-fitness-e-lazer","product_cat-linha-sol-e-chuva","product_tag-chapeu-bucket-personalizado","product_tag-chapeu-personalizado"],"_links":{"self":[{"href":"https:\/\/vohnabrindes.com.br\/index.php\/wp-json\/wp\/v2\/product\/6577","targetHints":{"allow":["GET"]}}],"collection":[{"href":"https:\/\/vohnabrindes.com.br\/index.php\/wp-json\/wp\/v2\/product"}],"about":[{"href":"https:\/\/vohnabrindes.com.br\/index.php\/wp-json\/wp\/v2\/types\/product"}],"replies":[{"embeddable":true,"href":"https:\/\/vohnabrindes.com.br\/index.php\/wp-json\/wp\/v2\/comments?post=6577"}],"version-history":[{"count":1,"href":"https:\/\/vohnabrindes.com.br\/index.php\/wp-json\/wp\/v2\/product\/6577\/revisions"}],"predecessor-version":[{"id":6613,"href":"https:\/\/vohnabrindes.com.br\/index.php\/wp-json\/wp\/v2\/product\/6577\/revisions\/6613"}],"wp:featuredmedia":[{"embeddable":true,"href":"https:\/\/vohnabrindes.com.br\/index.php\/wp-json\/wp\/v2\/media\/6612"}],"wp:attachment":[{"href":"https:\/\/vohnabrindes.com.br\/index.php\/wp-json\/wp\/v2\/media?parent=6577"}],"wp:term":[{"taxonomy":"product_cat","embeddable":true,"href":"https:\/\/vohnabrindes.com.br\/index.php\/wp-json\/wp\/v2\/product_cat?post=6577"},{"taxonomy":"product_tag","embeddable":true,"href":"https:\/\/vohnabrindes.com.br\/index.php\/wp-json\/wp\/v2\/product_tag?post=6577"}],"curies":[{"name":"wp","href":"https:\/\/api.w.org\/{rel}","templated":true}]}}