{"id":6580,"date":"2026-03-03T16:27:58","date_gmt":"2026-03-03T19:27:58","guid":{"rendered":"https:\/\/vohnabrindes.com.br\/?post_type=product&#038;p=6580"},"modified":"2026-03-03T16:28:34","modified_gmt":"2026-03-03T19:28:34","slug":"oculos-de-sol-personalizado-3","status":"publish","type":"product","link":"https:\/\/vohnabrindes.com.br\/index.php\/product\/oculos-de-sol-personalizado-3\/","title":{"rendered":"\u00d3culos de sol Personalizado."},"content":{"rendered":"<div class=\"ref\">98324-VARADERO.<\/div>\n<div class=\"ref\">\u00d3culos de sol Personalizado.<\/div>\n<div class=\"texto\">\u00d3culos de sol com arma\u00e7\u00e3o em PP e bambu. Lentes espelhadas de categoria 3 e UV400 de prote\u00e7\u00e3o. Em conformidade com as normas EN ISO 12312-1. A cor e o resultado da impress\u00e3o nos materiais naturais pode variar entre produtos. 146 x 49 x 150 mm<\/div>\n","protected":false},"excerpt":{"rendered":"<p>98324-VARADERO. \u00d3culos de sol Personalizado. \u00d3culos de sol com arma\u00e7\u00e3o em PP e bambu. Lentes espelhadas de categoria 3 e UV400 de prote\u00e7\u00e3o. Em conformidade com<span class=\"excerpt-hellip\"> [\u2026]<\/span><\/p>\n","protected":false},"featured_media":6618,"comment_status":"closed","ping_status":"closed","template":"","meta":[],"product_cat":[510],"product_tag":[655,1224],"class_list":["post-6580","product","type-product","status-publish","has-post-thumbnail","hentry","product_cat-linha-sol-e-chuva","product_tag-brindes-verao","product_tag-oculos-de-sol-personalizado"],"_links":{"self":[{"href":"https:\/\/vohnabrindes.com.br\/index.php\/wp-json\/wp\/v2\/product\/6580","targetHints":{"allow":["GET"]}}],"collection":[{"href":"https:\/\/vohnabrindes.com.br\/index.php\/wp-json\/wp\/v2\/product"}],"about":[{"href":"https:\/\/vohnabrindes.com.br\/index.php\/wp-json\/wp\/v2\/types\/product"}],"replies":[{"embeddable":true,"href":"https:\/\/vohnabrindes.com.br\/index.php\/wp-json\/wp\/v2\/comments?post=6580"}],"version-history":[{"count":1,"href":"https:\/\/vohnabrindes.com.br\/index.php\/wp-json\/wp\/v2\/product\/6580\/revisions"}],"predecessor-version":[{"id":6619,"href":"https:\/\/vohnabrindes.com.br\/index.php\/wp-json\/wp\/v2\/product\/6580\/revisions\/6619"}],"wp:featuredmedia":[{"embeddable":true,"href":"https:\/\/vohnabrindes.com.br\/index.php\/wp-json\/wp\/v2\/media\/6618"}],"wp:attachment":[{"href":"https:\/\/vohnabrindes.com.br\/index.php\/wp-json\/wp\/v2\/media?parent=6580"}],"wp:term":[{"taxonomy":"product_cat","embeddable":true,"href":"https:\/\/vohnabrindes.com.br\/index.php\/wp-json\/wp\/v2\/product_cat?post=6580"},{"taxonomy":"product_tag","embeddable":true,"href":"https:\/\/vohnabrindes.com.br\/index.php\/wp-json\/wp\/v2\/product_tag?post=6580"}],"curies":[{"name":"wp","href":"https:\/\/api.w.org\/{rel}","templated":true}]}}