{"id":6581,"date":"2026-03-03T16:27:58","date_gmt":"2026-03-03T19:27:58","guid":{"rendered":"https:\/\/vohnabrindes.com.br\/?post_type=product&#038;p=6581"},"modified":"2026-03-03T16:28:36","modified_gmt":"2026-03-03T19:28:36","slug":"pochete-ecologica-personalizada","status":"publish","type":"product","link":"https:\/\/vohnabrindes.com.br\/index.php\/product\/pochete-ecologica-personalizada\/","title":{"rendered":"Pochete ecol\u00f3gica personalizada."},"content":{"rendered":"<div class=\"ref\">92386-MYKONOS.<\/div>\n<div><\/div>\n<div class=\"ref\">Pochete ecol\u00f3gica personalizada.<\/div>\n<div class=\"texto\">Pochete em poli\u00e9ster reciclado 600D e forro em poli\u00e9ster reciclado 210D. Possui um compartimento principal e um bolso frontal. 220 x 130 x 70 mm<\/div>\n","protected":false},"excerpt":{"rendered":"<p>92386-MYKONOS. Pochete ecol\u00f3gica personalizada. Pochete em poli\u00e9ster reciclado 600D e forro em poli\u00e9ster reciclado 210D. Possui um compartimento principal e um bolso frontal. 220 x 130<span class=\"excerpt-hellip\"> [\u2026]<\/span><\/p>\n","protected":false},"featured_media":6620,"comment_status":"closed","ping_status":"closed","template":"","meta":[],"product_cat":[350],"product_tag":[655,2494,1229],"class_list":["post-6581","product","type-product","status-publish","has-post-thumbnail","hentry","product_cat-fitness-e-lazer","product_tag-brindes-verao","product_tag-pochete-ecologica-personalizada","product_tag-pochete-esportiva-personalizada"],"_links":{"self":[{"href":"https:\/\/vohnabrindes.com.br\/index.php\/wp-json\/wp\/v2\/product\/6581","targetHints":{"allow":["GET"]}}],"collection":[{"href":"https:\/\/vohnabrindes.com.br\/index.php\/wp-json\/wp\/v2\/product"}],"about":[{"href":"https:\/\/vohnabrindes.com.br\/index.php\/wp-json\/wp\/v2\/types\/product"}],"replies":[{"embeddable":true,"href":"https:\/\/vohnabrindes.com.br\/index.php\/wp-json\/wp\/v2\/comments?post=6581"}],"version-history":[{"count":1,"href":"https:\/\/vohnabrindes.com.br\/index.php\/wp-json\/wp\/v2\/product\/6581\/revisions"}],"predecessor-version":[{"id":6621,"href":"https:\/\/vohnabrindes.com.br\/index.php\/wp-json\/wp\/v2\/product\/6581\/revisions\/6621"}],"wp:featuredmedia":[{"embeddable":true,"href":"https:\/\/vohnabrindes.com.br\/index.php\/wp-json\/wp\/v2\/media\/6620"}],"wp:attachment":[{"href":"https:\/\/vohnabrindes.com.br\/index.php\/wp-json\/wp\/v2\/media?parent=6581"}],"wp:term":[{"taxonomy":"product_cat","embeddable":true,"href":"https:\/\/vohnabrindes.com.br\/index.php\/wp-json\/wp\/v2\/product_cat?post=6581"},{"taxonomy":"product_tag","embeddable":true,"href":"https:\/\/vohnabrindes.com.br\/index.php\/wp-json\/wp\/v2\/product_tag?post=6581"}],"curies":[{"name":"wp","href":"https:\/\/api.w.org\/{rel}","templated":true}]}}