{"id":6584,"date":"2026-03-03T16:27:58","date_gmt":"2026-03-03T19:27:58","guid":{"rendered":"https:\/\/vohnabrindes.com.br\/?post_type=product&#038;p=6584"},"modified":"2026-03-03T16:28:45","modified_gmt":"2026-03-03T19:28:45","slug":"toalha-de-praia-ecologica-personalizada","status":"publish","type":"product","link":"https:\/\/vohnabrindes.com.br\/index.php\/product\/toalha-de-praia-ecologica-personalizada\/","title":{"rendered":"Toalha de praia ecol\u00f3gica personalizada."},"content":{"rendered":"<div class=\"ref\">99159-MALLORCA.<\/div>\n<div><\/div>\n<div><\/div>\n<div class=\"ref\">Toalha de praia ecol\u00f3gica personalizada.<\/div>\n<div><\/div>\n<div class=\"texto\">Toalha de praia em algod\u00e3o 70% reciclado e poli\u00e9ster 30% reciclado (180 g\/m\u00b2),<\/div>\n<div class=\"texto\">com um design minimalista e elegante para os seus dias de praia.<\/div>\n<div class=\"texto\">dimens\u00f5es: 900 x 1700 mm<\/div>\n","protected":false},"excerpt":{"rendered":"<p>99159-MALLORCA. Toalha de praia ecol\u00f3gica personalizada. Toalha de praia em algod\u00e3o 70% reciclado e poli\u00e9ster 30% reciclado (180 g\/m\u00b2), com um design minimalista e elegante para<span class=\"excerpt-hellip\"> [\u2026]<\/span><\/p>\n","protected":false},"featured_media":6627,"comment_status":"closed","ping_status":"closed","template":"","meta":[],"product_cat":[350,510],"product_tag":[655,2498,662],"class_list":["post-6584","product","type-product","status-publish","has-post-thumbnail","hentry","product_cat-fitness-e-lazer","product_cat-linha-sol-e-chuva","product_tag-brindes-verao","product_tag-toalha-de-praia-ecologica-personalizada","product_tag-toalha-de-praia-personalizada"],"_links":{"self":[{"href":"https:\/\/vohnabrindes.com.br\/index.php\/wp-json\/wp\/v2\/product\/6584","targetHints":{"allow":["GET"]}}],"collection":[{"href":"https:\/\/vohnabrindes.com.br\/index.php\/wp-json\/wp\/v2\/product"}],"about":[{"href":"https:\/\/vohnabrindes.com.br\/index.php\/wp-json\/wp\/v2\/types\/product"}],"replies":[{"embeddable":true,"href":"https:\/\/vohnabrindes.com.br\/index.php\/wp-json\/wp\/v2\/comments?post=6584"}],"version-history":[{"count":1,"href":"https:\/\/vohnabrindes.com.br\/index.php\/wp-json\/wp\/v2\/product\/6584\/revisions"}],"predecessor-version":[{"id":6628,"href":"https:\/\/vohnabrindes.com.br\/index.php\/wp-json\/wp\/v2\/product\/6584\/revisions\/6628"}],"wp:featuredmedia":[{"embeddable":true,"href":"https:\/\/vohnabrindes.com.br\/index.php\/wp-json\/wp\/v2\/media\/6627"}],"wp:attachment":[{"href":"https:\/\/vohnabrindes.com.br\/index.php\/wp-json\/wp\/v2\/media?parent=6584"}],"wp:term":[{"taxonomy":"product_cat","embeddable":true,"href":"https:\/\/vohnabrindes.com.br\/index.php\/wp-json\/wp\/v2\/product_cat?post=6584"},{"taxonomy":"product_tag","embeddable":true,"href":"https:\/\/vohnabrindes.com.br\/index.php\/wp-json\/wp\/v2\/product_tag?post=6584"}],"curies":[{"name":"wp","href":"https:\/\/api.w.org\/{rel}","templated":true}]}}