{"id":6585,"date":"2026-03-03T16:27:59","date_gmt":"2026-03-03T19:27:59","guid":{"rendered":"https:\/\/vohnabrindes.com.br\/?post_type=product&#038;p=6585"},"modified":"2026-03-03T16:28:47","modified_gmt":"2026-03-03T19:28:47","slug":"necessaire-em-tela-personalizada","status":"publish","type":"product","link":"https:\/\/vohnabrindes.com.br\/index.php\/product\/necessaire-em-tela-personalizada\/","title":{"rendered":"N\u00e9cessaire em tela personalizada."},"content":{"rendered":"<p id=\"item_referencia\">19051<\/p>\n<p class=\"produto-nome\">N\u00e9cessaire em tela personalizada.<\/p>\n<div class=\"caracs\">\n<div class=\"desc\">\n<p class=\"desc-tit\">Descri\u00e7\u00e3o:\u00a0<span class=\"desc-sub my-desc-sub\">N\u00e9cessaire confeccionada em tela de nylon com fechamento em z\u00edper e al\u00e7a lateral para transporte.<\/span><\/p>\n<\/div>\n<div class=\"desc\">\n<p class=\"desc-tit\">Altura<span class=\"desc-sub\">\u00a0:\u00a0 13 cm<\/span><\/p>\n<\/div>\n<div class=\"desc\">\n<p class=\"desc-tit\">Largura<span class=\"desc-sub\">\u00a0:\u00a0 20 cm<\/span><\/p>\n<\/div>\n<div class=\"desc\">\n<p class=\"desc-tit\">Profundidade<span class=\"desc-sub\">\u00a0:\u00a0 7 cm<\/span><\/p>\n<\/div>\n<div class=\"desc\">\n<p class=\"desc-tit\">Medidas aproximadas para grava\u00e7\u00e3o<span class=\"desc-sub\">\u00a0(CxL):\u00a0 10 cm x 18 cm<\/span><\/p>\n<\/div>\n<div class=\"desc\">\n<p class=\"desc-tit\">Peso aproximado<span class=\"desc-sub\">\u00a0(g):\u00a0 55<\/span><\/p>\n<\/div>\n<\/div>\n","protected":false},"excerpt":{"rendered":"<p>19051 N\u00e9cessaire em tela personalizada. Descri\u00e7\u00e3o:\u00a0N\u00e9cessaire confeccionada em tela de nylon com fechamento em z\u00edper e al\u00e7a lateral para transporte. Altura\u00a0:\u00a0 13 cm Largura\u00a0:\u00a0 20 cm<span class=\"excerpt-hellip\"> [\u2026]<\/span><\/p>\n","protected":false},"featured_media":6629,"comment_status":"closed","ping_status":"closed","template":"","meta":[],"product_cat":[783],"product_tag":[190,2499,786],"class_list":["post-6585","product","type-product","status-publish","has-post-thumbnail","hentry","product_cat-necessaires","product_tag-brindes-femininos","product_tag-necessaire-em-tela-personalizada","product_tag-necessaire-personalizada"],"_links":{"self":[{"href":"https:\/\/vohnabrindes.com.br\/index.php\/wp-json\/wp\/v2\/product\/6585","targetHints":{"allow":["GET"]}}],"collection":[{"href":"https:\/\/vohnabrindes.com.br\/index.php\/wp-json\/wp\/v2\/product"}],"about":[{"href":"https:\/\/vohnabrindes.com.br\/index.php\/wp-json\/wp\/v2\/types\/product"}],"replies":[{"embeddable":true,"href":"https:\/\/vohnabrindes.com.br\/index.php\/wp-json\/wp\/v2\/comments?post=6585"}],"version-history":[{"count":1,"href":"https:\/\/vohnabrindes.com.br\/index.php\/wp-json\/wp\/v2\/product\/6585\/revisions"}],"predecessor-version":[{"id":6630,"href":"https:\/\/vohnabrindes.com.br\/index.php\/wp-json\/wp\/v2\/product\/6585\/revisions\/6630"}],"wp:featuredmedia":[{"embeddable":true,"href":"https:\/\/vohnabrindes.com.br\/index.php\/wp-json\/wp\/v2\/media\/6629"}],"wp:attachment":[{"href":"https:\/\/vohnabrindes.com.br\/index.php\/wp-json\/wp\/v2\/media?parent=6585"}],"wp:term":[{"taxonomy":"product_cat","embeddable":true,"href":"https:\/\/vohnabrindes.com.br\/index.php\/wp-json\/wp\/v2\/product_cat?post=6585"},{"taxonomy":"product_tag","embeddable":true,"href":"https:\/\/vohnabrindes.com.br\/index.php\/wp-json\/wp\/v2\/product_tag?post=6585"}],"curies":[{"name":"wp","href":"https:\/\/api.w.org\/{rel}","templated":true}]}}