{"id":6587,"date":"2026-03-03T16:27:59","date_gmt":"2026-03-03T19:27:59","guid":{"rendered":"https:\/\/vohnabrindes.com.br\/?post_type=product&#038;p=6587"},"modified":"2026-03-03T16:28:52","modified_gmt":"2026-03-03T19:28:52","slug":"caneta-metal-personalizada-10","status":"publish","type":"product","link":"https:\/\/vohnabrindes.com.br\/index.php\/product\/caneta-metal-personalizada-10\/","title":{"rendered":"Caneta Metal Personalizada."},"content":{"rendered":"<pre id=\"item_referencia\">09123<\/pre>\n<p class=\"produto-nome\">Caneta Metal Personalizada.<\/p>\n<div class=\"caracs\">\n<div class=\"desc\">\n<p class=\"desc-tit\">Descri\u00e7\u00e3o:\u00a0<span class=\"desc-sub my-desc-sub\">Caneta met\u00e1lica com detalhe emborrachado pr\u00f3ximo \u00e0 ponta. Conta com acionamento por clique e carga esferogr\u00e1fica azul de 1.0mm.<\/span><\/p>\n<\/div>\n<div class=\"desc\">\n<p class=\"desc-tit\">Altura<span class=\"desc-sub\">\u00a0:\u00a0 13,6 cm<\/span><\/p>\n<\/div>\n<div class=\"desc\">\n<p class=\"desc-tit\">Largura<span class=\"desc-sub\">\u00a0:\u00a0 1,3 cm<\/span><\/p>\n<\/div>\n<div class=\"desc\">\n<p class=\"desc-tit\">Medidas aproximadas para grava\u00e7\u00e3o<span class=\"desc-sub\">\u00a0(CxL):\u00a0 0,7 cm x 6 cm<\/span><\/p>\n<\/div>\n<div class=\"desc\">\n<p class=\"desc-tit\">Peso aproximado<span class=\"desc-sub\">\u00a0(g):\u00a0 9<\/span><\/p>\n<\/div>\n<\/div>\n","protected":false},"excerpt":{"rendered":"<p>09123 Caneta Metal Personalizada. Descri\u00e7\u00e3o:\u00a0Caneta met\u00e1lica com detalhe emborrachado pr\u00f3ximo \u00e0 ponta. Conta com acionamento por clique e carga esferogr\u00e1fica azul de 1.0mm. Altura\u00a0:\u00a0 13,6 cm<span class=\"excerpt-hellip\"> [\u2026]<\/span><\/p>\n","protected":false},"featured_media":6633,"comment_status":"closed","ping_status":"closed","template":"","meta":[],"product_cat":[530],"product_tag":[532,221,2501],"class_list":["post-6587","product","type-product","status-publish","has-post-thumbnail","hentry","product_cat-canetas-de-metal","product_tag-caneta-metal-personalizada","product_tag-caneta-personalizada","product_tag-canetas-para-eventos"],"_links":{"self":[{"href":"https:\/\/vohnabrindes.com.br\/index.php\/wp-json\/wp\/v2\/product\/6587","targetHints":{"allow":["GET"]}}],"collection":[{"href":"https:\/\/vohnabrindes.com.br\/index.php\/wp-json\/wp\/v2\/product"}],"about":[{"href":"https:\/\/vohnabrindes.com.br\/index.php\/wp-json\/wp\/v2\/types\/product"}],"replies":[{"embeddable":true,"href":"https:\/\/vohnabrindes.com.br\/index.php\/wp-json\/wp\/v2\/comments?post=6587"}],"version-history":[{"count":1,"href":"https:\/\/vohnabrindes.com.br\/index.php\/wp-json\/wp\/v2\/product\/6587\/revisions"}],"predecessor-version":[{"id":6634,"href":"https:\/\/vohnabrindes.com.br\/index.php\/wp-json\/wp\/v2\/product\/6587\/revisions\/6634"}],"wp:featuredmedia":[{"embeddable":true,"href":"https:\/\/vohnabrindes.com.br\/index.php\/wp-json\/wp\/v2\/media\/6633"}],"wp:attachment":[{"href":"https:\/\/vohnabrindes.com.br\/index.php\/wp-json\/wp\/v2\/media?parent=6587"}],"wp:term":[{"taxonomy":"product_cat","embeddable":true,"href":"https:\/\/vohnabrindes.com.br\/index.php\/wp-json\/wp\/v2\/product_cat?post=6587"},{"taxonomy":"product_tag","embeddable":true,"href":"https:\/\/vohnabrindes.com.br\/index.php\/wp-json\/wp\/v2\/product_tag?post=6587"}],"curies":[{"name":"wp","href":"https:\/\/api.w.org\/{rel}","templated":true}]}}