{"id":6590,"date":"2026-03-03T16:27:59","date_gmt":"2026-03-03T19:27:59","guid":{"rendered":"https:\/\/vohnabrindes.com.br\/?post_type=product&#038;p=6590"},"modified":"2026-03-03T16:29:00","modified_gmt":"2026-03-03T19:29:00","slug":"6590","status":"publish","type":"product","link":"https:\/\/vohnabrindes.com.br\/index.php\/product\/6590\/","title":{"rendered":""},"content":{"rendered":"<pre id=\"item_referencia\">19066<\/pre>\n<p class=\"produto-nome\">Bolsa Tela PVC Personalizadas.<\/p>\n<div class=\"caracs\">\n<div class=\"desc\">\n<p class=\"desc-tit\">Descri\u00e7\u00e3o:\u00a0<span class=\"desc-sub my-desc-sub\">Bolsa confeccionada em tela de PVC com bot\u00e3o de fechamento em pl\u00e1stico, al\u00e7as e detalhes em tecido sint\u00e9tico.<\/span><\/p>\n<\/div>\n<div class=\"desc\">\n<p class=\"desc-tit\">Altura<span class=\"desc-sub\">\u00a0:\u00a0 29 cm<\/span><\/p>\n<\/div>\n<div class=\"desc\">\n<p class=\"desc-tit\">Largura<span class=\"desc-sub\">\u00a0:\u00a0 38,5 cm<\/span><\/p>\n<\/div>\n<div class=\"desc\">\n<p class=\"desc-tit\">Profundidade<span class=\"desc-sub\">\u00a0:\u00a0 11 cm<\/span><\/p>\n<\/div>\n<div class=\"desc\">\n<p class=\"desc-tit\">Comprimento<span class=\"desc-sub\">\u00a0:\u00a0 al\u00e7a 68 cm<\/span><\/p>\n<\/div>\n<\/div>\n","protected":false},"excerpt":{"rendered":"<p>19066 Bolsa Tela PVC Personalizadas. Descri\u00e7\u00e3o:\u00a0Bolsa confeccionada em tela de PVC com bot\u00e3o de fechamento em pl\u00e1stico, al\u00e7as e detalhes em tecido sint\u00e9tico. Altura\u00a0:\u00a0 29 cm<span class=\"excerpt-hellip\"> [\u2026]<\/span><\/p>\n","protected":false},"featured_media":6639,"comment_status":"closed","ping_status":"closed","template":"","meta":[],"product_cat":[210],"product_tag":[2507,2508,2509,2504,2429],"class_list":["post-6590","product","type-product","status-publish","has-post-thumbnail","hentry","product_cat-sacolas","product_tag-sacolas-com-logo","product_tag-sacolas-com-logomarca","product_tag-sacolas-de-praia-personalizadas","product_tag-sacolas-para-eventos","product_tag-sacolas-personalizadas"],"_links":{"self":[{"href":"https:\/\/vohnabrindes.com.br\/index.php\/wp-json\/wp\/v2\/product\/6590","targetHints":{"allow":["GET"]}}],"collection":[{"href":"https:\/\/vohnabrindes.com.br\/index.php\/wp-json\/wp\/v2\/product"}],"about":[{"href":"https:\/\/vohnabrindes.com.br\/index.php\/wp-json\/wp\/v2\/types\/product"}],"replies":[{"embeddable":true,"href":"https:\/\/vohnabrindes.com.br\/index.php\/wp-json\/wp\/v2\/comments?post=6590"}],"version-history":[{"count":1,"href":"https:\/\/vohnabrindes.com.br\/index.php\/wp-json\/wp\/v2\/product\/6590\/revisions"}],"predecessor-version":[{"id":6640,"href":"https:\/\/vohnabrindes.com.br\/index.php\/wp-json\/wp\/v2\/product\/6590\/revisions\/6640"}],"wp:featuredmedia":[{"embeddable":true,"href":"https:\/\/vohnabrindes.com.br\/index.php\/wp-json\/wp\/v2\/media\/6639"}],"wp:attachment":[{"href":"https:\/\/vohnabrindes.com.br\/index.php\/wp-json\/wp\/v2\/media?parent=6590"}],"wp:term":[{"taxonomy":"product_cat","embeddable":true,"href":"https:\/\/vohnabrindes.com.br\/index.php\/wp-json\/wp\/v2\/product_cat?post=6590"},{"taxonomy":"product_tag","embeddable":true,"href":"https:\/\/vohnabrindes.com.br\/index.php\/wp-json\/wp\/v2\/product_tag?post=6590"}],"curies":[{"name":"wp","href":"https:\/\/api.w.org\/{rel}","templated":true}]}}