{"id":6592,"date":"2026-03-03T16:27:59","date_gmt":"2026-03-03T19:27:59","guid":{"rendered":"https:\/\/vohnabrindes.com.br\/?post_type=product&#038;p=6592"},"modified":"2026-03-03T16:29:06","modified_gmt":"2026-03-03T19:29:06","slug":"bloco-de-anotacoes-com-suporte-personalizado","status":"publish","type":"product","link":"https:\/\/vohnabrindes.com.br\/index.php\/product\/bloco-de-anotacoes-com-suporte-personalizado\/","title":{"rendered":"Bloco de Anota\u00e7\u00f5es com Suporte Personalizado."},"content":{"rendered":"<pre id=\"item_referencia\">19082<\/pre>\n<p class=\"produto-nome\">Bloco de Anota\u00e7\u00f5es com Suporte Personalizado.<\/p>\n<div class=\"caracs\">\n<div class=\"desc\">\n<p class=\"desc-tit\">Descri\u00e7\u00e3o:\u00a0<span class=\"desc-sub my-desc-sub\">Bloco de notas com capa e estrutura em papel\u00e3o, aproximadamente 98 folhas para anota\u00e7\u00f5es semanais e fechamento magn\u00e9tico, que permite montar porta-canetas e suporte para celular enquanto permanece aberto.<\/span><\/p>\n<\/div>\n<div class=\"desc\">\n<p class=\"desc-tit\">Altura<span class=\"desc-sub\">\u00a0:\u00a0 19,1 cm<\/span><\/p>\n<\/div>\n<div class=\"desc\">\n<p class=\"desc-tit\">Largura<span class=\"desc-sub\">\u00a0:\u00a0 22 cm<\/span><\/p>\n<\/div>\n<div class=\"desc\">\n<p class=\"desc-tit\">Profundidade<span class=\"desc-sub\">\u00a0:\u00a0 1,4 cm<\/span><\/p>\n<\/div>\n<div class=\"desc\">\n<p class=\"desc-tit\">\n<\/div>\n<div class=\"desc\">\n<p class=\"desc-tit\">\n<\/div>\n<\/div>\n","protected":false},"excerpt":{"rendered":"<p>19082 Bloco de Anota\u00e7\u00f5es com Suporte Personalizado. Descri\u00e7\u00e3o:\u00a0Bloco de notas com capa e estrutura em papel\u00e3o, aproximadamente 98 folhas para anota\u00e7\u00f5es semanais e fechamento magn\u00e9tico, que<span class=\"excerpt-hellip\"> [\u2026]<\/span><\/p>\n","protected":false},"featured_media":6643,"comment_status":"closed","ping_status":"closed","template":"","meta":[],"product_cat":[146],"product_tag":[2511,1180],"class_list":["post-6592","product","type-product","status-publish","has-post-thumbnail","hentry","product_cat-blocos-e-cadernetas","product_tag-bloco-de-anotacoes-com-suporte-personalizado","product_tag-blocos-de-anotacoes-personalizado"],"_links":{"self":[{"href":"https:\/\/vohnabrindes.com.br\/index.php\/wp-json\/wp\/v2\/product\/6592","targetHints":{"allow":["GET"]}}],"collection":[{"href":"https:\/\/vohnabrindes.com.br\/index.php\/wp-json\/wp\/v2\/product"}],"about":[{"href":"https:\/\/vohnabrindes.com.br\/index.php\/wp-json\/wp\/v2\/types\/product"}],"replies":[{"embeddable":true,"href":"https:\/\/vohnabrindes.com.br\/index.php\/wp-json\/wp\/v2\/comments?post=6592"}],"version-history":[{"count":1,"href":"https:\/\/vohnabrindes.com.br\/index.php\/wp-json\/wp\/v2\/product\/6592\/revisions"}],"predecessor-version":[{"id":6644,"href":"https:\/\/vohnabrindes.com.br\/index.php\/wp-json\/wp\/v2\/product\/6592\/revisions\/6644"}],"wp:featuredmedia":[{"embeddable":true,"href":"https:\/\/vohnabrindes.com.br\/index.php\/wp-json\/wp\/v2\/media\/6643"}],"wp:attachment":[{"href":"https:\/\/vohnabrindes.com.br\/index.php\/wp-json\/wp\/v2\/media?parent=6592"}],"wp:term":[{"taxonomy":"product_cat","embeddable":true,"href":"https:\/\/vohnabrindes.com.br\/index.php\/wp-json\/wp\/v2\/product_cat?post=6592"},{"taxonomy":"product_tag","embeddable":true,"href":"https:\/\/vohnabrindes.com.br\/index.php\/wp-json\/wp\/v2\/product_tag?post=6592"}],"curies":[{"name":"wp","href":"https:\/\/api.w.org\/{rel}","templated":true}]}}